{"id":1927,"date":"2020-01-21T20:40:23","date_gmt":"2020-01-21T20:40:23","guid":{"rendered":"https:\/\/ramib.org\/oficial\/index.php\/sesiones-inaugurales\/"},"modified":"2020-01-21T20:43:09","modified_gmt":"2020-01-21T20:43:09","slug":"sesiones-inaugurales","status":"publish","type":"page","link":"https:\/\/ramib.org\/oficial\/index.php\/sesiones-inaugurales\/","title":{"rendered":"Sessions Inaugurals"},"content":{"rendered":"<div id=\"td_uid_1_69db9f2478954\" class=\"tdc-row\"><div class=\"vc_row td_uid_1_69db9f247895e_rand  wpb_row td-pb-row\" >\n<style scoped>\n\n\/* custom css *\/\n.td_uid_1_69db9f247895e_rand {\r\n                    min-height: 0;\r\n                }\n<\/style><div class=\"vc_column td_uid_2_69db9f2478c5d_rand  wpb_column vc_column_container tdc-column td-pb-span12\">\n<style scoped>\n\n\/* custom css *\/\n.td_uid_2_69db9f2478c5d_rand {\r\n                    vertical-align: baseline;\r\n                }\n<\/style><div class=\"wpb_wrapper\">[vc_text_separator title=&#8221;Sessions Inaugurals&#8221; color=&#8221;orange&#8221; style=&#8221;dotted&#8221;]<div class=\"vc_row_inner td_uid_3_69db9f2478d12_rand  vc_row vc_inner wpb_row td-pb-row\" >\n<style scoped>\n\n\/* custom css *\/\n.td_uid_3_69db9f2478d12_rand {\r\n                    position: relative !important;\r\n                    top: 0;\r\n                    transform: none;\r\n                    -webkit-transform: none;\r\n                }\n<\/style><div class=\"vc_column_inner td_uid_4_69db9f2478dd1_rand  wpb_column vc_column_container tdc-inner-column td-pb-span12\">\n<style scoped>\n\n\/* custom css *\/\n.td_uid_4_69db9f2478dd1_rand {\r\n                    vertical-align: baseline;\r\n                }\n<\/style><div class=\"vc_column-inner\"><div class=\"wpb_wrapper\"><div class=\"td_block_wrap td_block_big_grid_1 td_uid_5_69db9f2478f51_rand td-grid-style-1 td-hover-1 td-big-grids td-pb-border-top td_block_template_1\"  data-td-block-uid=\"td_uid_5_69db9f2478f51\" ><div id=td_uid_5_69db9f2478f51 class=\"td_block_inner\"><div class=\"td-big-grid-wrapper\">\r\n        <div class=\"td_module_mx5 td-animation-stack td-big-grid-post-0 td-big-grid-post td-big-thumb\">\r\n            <div class=\"td-module-thumb\"><a href=\"https:\/\/ramib.org\/oficial\/index.php\/2026\/01\/31\/sessio-inaugural-del-curs-academic-2026\/\" rel=\"bookmark\" class=\"td-image-wrap\" title=\"Sessi\u00f3 inaugural del curs acad\u00e8mic 2026\"><img loading=\"lazy\" decoding=\"async\" width=\"534\" height=\"462\" class=\"entry-thumb\" src=\"https:\/\/ramib.org\/oficial\/wp-content\/uploads\/2026\/01\/IMG_9222-534x462.jpg\"   alt=\"\" title=\"Sessi\u00f3 inaugural del curs acad\u00e8mic 2026\" \/><\/a><\/div>            <div class=\"td-meta-info-container\">\r\n                <div class=\"td-meta-align\">\r\n                    <div class=\"td-big-grid-meta\">\r\n                                                <h3 class=\"entry-title td-module-title\"><a href=\"https:\/\/ramib.org\/oficial\/index.php\/2026\/01\/31\/sessio-inaugural-del-curs-academic-2026\/\" rel=\"bookmark\" title=\"Sessi\u00f3 inaugural del curs acad\u00e8mic 2026\">Sessi\u00f3 inaugural del curs acad\u00e8mic 2026<\/a><\/h3>                    <\/div>\r\n                    <div class=\"td-module-meta-info\">\r\n                        <span class=\"td-post-author-name\"><a href=\"https:\/\/ramib.org\/oficial\/index.php\/author\/ad_dramib\/\">RAMIB<\/a> <span>-<\/span> <\/span>                        <span class=\"td-post-date\"><time class=\"entry-date updated td-module-date\" datetime=\"2026-01-31T11:55:42+00:00\" >gener 31, 2026<\/time><\/span>                    <\/div>\r\n                <\/div>\r\n            <\/div>\r\n\r\n        <\/div>\r\n\r\n        <div class=\"td-big-grid-scroll\">\r\n        <div class=\"td_module_mx6 td-animation-stack td-big-grid-post-1 td-big-grid-post td-small-thumb\">\r\n            <div class=\"td-module-thumb\"><a href=\"https:\/\/ramib.org\/oficial\/index.php\/2025\/01\/20\/6300\/\" rel=\"bookmark\" class=\"td-image-wrap\" title=\"Sessi\u00f3 inaugural del curs acad\u00e8mic 2025\"><img loading=\"lazy\" decoding=\"async\" width=\"265\" height=\"198\" class=\"entry-thumb\" src=\"https:\/\/ramib.org\/oficial\/wp-content\/uploads\/2025\/01\/inaugural20252-265x198.jpg\"  srcset=\"https:\/\/ramib.org\/oficial\/wp-content\/uploads\/2025\/01\/inaugural20252-265x198.jpg 265w, https:\/\/ramib.org\/oficial\/wp-content\/uploads\/2025\/01\/inaugural20252-80x60.jpg 80w, https:\/\/ramib.org\/oficial\/wp-content\/uploads\/2025\/01\/inaugural20252-485x360.jpg 485w\" sizes=\"(max-width: 265px) 100vw, 265px\"  alt=\"\" title=\"Sessi\u00f3 inaugural del curs acad\u00e8mic 2025\" \/><\/a><\/div>            <div class=\"td-meta-info-container\">\r\n                <div class=\"td-meta-align\">\r\n                    <div class=\"td-big-grid-meta\">\r\n                                                <h3 class=\"entry-title td-module-title\"><a href=\"https:\/\/ramib.org\/oficial\/index.php\/2025\/01\/20\/6300\/\" rel=\"bookmark\" title=\"Sessi\u00f3 inaugural del curs acad\u00e8mic 2025\">Sessi\u00f3 inaugural del curs acad\u00e8mic 2025<\/a><\/h3>                    <\/div>\r\n                <\/div>\r\n            <\/div>\r\n\r\n        <\/div>\r\n\r\n\r\n        \r\n        <div class=\"td_module_mx6 td-animation-stack td-big-grid-post-2 td-big-grid-post td-small-thumb\">\r\n            <div class=\"td-module-thumb\"><a href=\"https:\/\/ramib.org\/oficial\/index.php\/2024\/01\/27\/25-01-2024-sessio-inaugural-del-curs-academic-2024\/\" rel=\"bookmark\" class=\"td-image-wrap\" title=\"25\/01\/2024: Sessi\u00f3 inaugural del curs acad\u00e8mic 2024\"><img loading=\"lazy\" decoding=\"async\" width=\"265\" height=\"198\" class=\"entry-thumb\" src=\"https:\/\/ramib.org\/oficial\/wp-content\/uploads\/2024\/01\/inaugural8-265x198.jpg\"  srcset=\"https:\/\/ramib.org\/oficial\/wp-content\/uploads\/2024\/01\/inaugural8-265x198.jpg 265w, https:\/\/ramib.org\/oficial\/wp-content\/uploads\/2024\/01\/inaugural8-80x60.jpg 80w, https:\/\/ramib.org\/oficial\/wp-content\/uploads\/2024\/01\/inaugural8-485x360.jpg 485w\" sizes=\"(max-width: 265px) 100vw, 265px\"  alt=\"\" title=\"25\/01\/2024: Sessi\u00f3 inaugural del curs acad\u00e8mic 2024\" \/><\/a><\/div>            <div class=\"td-meta-info-container\">\r\n                <div class=\"td-meta-align\">\r\n                    <div class=\"td-big-grid-meta\">\r\n                                                <h3 class=\"entry-title td-module-title\"><a href=\"https:\/\/ramib.org\/oficial\/index.php\/2024\/01\/27\/25-01-2024-sessio-inaugural-del-curs-academic-2024\/\" rel=\"bookmark\" title=\"25\/01\/2024: Sessi\u00f3 inaugural del curs acad\u00e8mic 2024\">25\/01\/2024: Sessi\u00f3 inaugural del curs acad\u00e8mic 2024<\/a><\/h3>                    <\/div>\r\n                <\/div>\r\n            <\/div>\r\n\r\n        <\/div>\r\n\r\n\r\n        \r\n        <div class=\"td_module_mx6 td-animation-stack td-big-grid-post-3 td-big-grid-post td-small-thumb\">\r\n            <div class=\"td-module-thumb\"><a href=\"https:\/\/ramib.org\/oficial\/index.php\/2023\/01\/26\/24-01-2023-sessio-inaugural-del-curs-academic-2023\/\" rel=\"bookmark\" class=\"td-image-wrap\" title=\"24\/01\/2023: Sessi\u00f3 inaugural del curs acad\u00e8mic 2023\"><img loading=\"lazy\" decoding=\"async\" width=\"265\" height=\"198\" class=\"entry-thumb\" src=\"https:\/\/ramib.org\/oficial\/wp-content\/uploads\/2023\/01\/inau2023port-265x198.jpg\"  srcset=\"https:\/\/ramib.org\/oficial\/wp-content\/uploads\/2023\/01\/inau2023port-265x198.jpg 265w, https:\/\/ramib.org\/oficial\/wp-content\/uploads\/2023\/01\/inau2023port-80x60.jpg 80w, https:\/\/ramib.org\/oficial\/wp-content\/uploads\/2023\/01\/inau2023port-485x360.jpg 485w\" sizes=\"(max-width: 265px) 100vw, 265px\"  alt=\"\" title=\"24\/01\/2023: Sessi\u00f3 inaugural del curs acad\u00e8mic 2023\" \/><\/a><\/div>            <div class=\"td-meta-info-container\">\r\n                <div class=\"td-meta-align\">\r\n                    <div class=\"td-big-grid-meta\">\r\n                                                <h3 class=\"entry-title td-module-title\"><a href=\"https:\/\/ramib.org\/oficial\/index.php\/2023\/01\/26\/24-01-2023-sessio-inaugural-del-curs-academic-2023\/\" rel=\"bookmark\" title=\"24\/01\/2023: Sessi\u00f3 inaugural del curs acad\u00e8mic 2023\">24\/01\/2023: Sessi\u00f3 inaugural del curs acad\u00e8mic 2023<\/a><\/h3>                    <\/div>\r\n                <\/div>\r\n            <\/div>\r\n\r\n        <\/div>\r\n\r\n\r\n        \r\n        <div class=\"td_module_mx6 td-animation-stack td-big-grid-post-4 td-big-grid-post td-small-thumb\">\r\n            <div class=\"td-module-thumb\"><a href=\"https:\/\/ramib.org\/oficial\/index.php\/2022\/01\/28\/sessio-inaugural-del-curs-academic-2022\/\" rel=\"bookmark\" class=\"td-image-wrap\" title=\"Sessi\u00f3 inaugural del curs acad\u00e8mic 2022\"><img loading=\"lazy\" decoding=\"async\" width=\"265\" height=\"198\" class=\"entry-thumb\" src=\"https:\/\/ramib.org\/oficial\/wp-content\/uploads\/2022\/02\/DSC_0072-265x198.jpg\"  srcset=\"https:\/\/ramib.org\/oficial\/wp-content\/uploads\/2022\/02\/DSC_0072-265x198.jpg 265w, https:\/\/ramib.org\/oficial\/wp-content\/uploads\/2022\/02\/DSC_0072-80x60.jpg 80w, https:\/\/ramib.org\/oficial\/wp-content\/uploads\/2022\/02\/DSC_0072-485x360.jpg 485w\" sizes=\"(max-width: 265px) 100vw, 265px\"  alt=\"\" title=\"Sessi\u00f3 inaugural del curs acad\u00e8mic 2022\" \/><\/a><\/div>            <div class=\"td-meta-info-container\">\r\n                <div class=\"td-meta-align\">\r\n                    <div class=\"td-big-grid-meta\">\r\n                                                <h3 class=\"entry-title td-module-title\"><a href=\"https:\/\/ramib.org\/oficial\/index.php\/2022\/01\/28\/sessio-inaugural-del-curs-academic-2022\/\" rel=\"bookmark\" title=\"Sessi\u00f3 inaugural del curs acad\u00e8mic 2022\">Sessi\u00f3 inaugural del curs acad\u00e8mic 2022<\/a><\/h3>                    <\/div>\r\n                <\/div>\r\n            <\/div>\r\n\r\n        <\/div>\r\n\r\n\r\n        <\/div><\/div><div class=\"clearfix\"><\/div><\/div><\/div> <!-- .\/block --><\/div><\/div><\/div><\/div><\/div><\/div><\/div><\/div>","protected":false},"excerpt":{"rendered":"[vc_text_separator title=\"Sessions Inaugurals\" color=\"orange\" style=\"dotted\"] Sessi\u00f3 inaugural del curs acad\u00e8mic 2026 RAMIB - gener 31, 2026 Sessi\u00f3 inaugural del curs acad\u00e8mic 2025 25\/01\/2024: Sessi\u00f3 inaugural del curs acad\u00e8mic 2024 24\/01\/2023: [...]","protected":false},"author":1,"featured_media":0,"parent":0,"menu_order":0,"comment_status":"closed","ping_status":"closed","template":"","meta":{"_monsterinsights_skip_tracking":false,"_monsterinsights_sitenote_active":false,"_monsterinsights_sitenote_note":"","_monsterinsights_sitenote_category":0,"footnotes":""},"_links":{"self":[{"href":"https:\/\/ramib.org\/oficial\/index.php\/wp-json\/wp\/v2\/pages\/1927"}],"collection":[{"href":"https:\/\/ramib.org\/oficial\/index.php\/wp-json\/wp\/v2\/pages"}],"about":[{"href":"https:\/\/ramib.org\/oficial\/index.php\/wp-json\/wp\/v2\/types\/page"}],"author":[{"embeddable":true,"href":"https:\/\/ramib.org\/oficial\/index.php\/wp-json\/wp\/v2\/users\/1"}],"replies":[{"embeddable":true,"href":"https:\/\/ramib.org\/oficial\/index.php\/wp-json\/wp\/v2\/comments?post=1927"}],"version-history":[{"count":1,"href":"https:\/\/ramib.org\/oficial\/index.php\/wp-json\/wp\/v2\/pages\/1927\/revisions"}],"predecessor-version":[{"id":1928,"href":"https:\/\/ramib.org\/oficial\/index.php\/wp-json\/wp\/v2\/pages\/1927\/revisions\/1928"}],"wp:attachment":[{"href":"https:\/\/ramib.org\/oficial\/index.php\/wp-json\/wp\/v2\/media?parent=1927"}],"curies":[{"name":"wp","href":"https:\/\/api.w.org\/{rel}","templated":true}]}}