{"id":1628,"date":"2019-09-24T13:15:45","date_gmt":"2019-09-24T13:15:45","guid":{"rendered":"https:\/\/ramib.org\/oficial\/?page_id=1628"},"modified":"2026-03-04T16:05:54","modified_gmt":"2026-03-04T16:05:54","slug":"junta-directiva_es","status":"publish","type":"page","link":"https:\/\/ramib.org\/oficial\/index.php\/junta-directiva_es\/?lang=es","title":{"rendered":"Junta Directiva_es"},"content":{"rendered":"<div id=\"td_uid_1_69de9d6dc14a3\" class=\"tdc-row\"><div class=\"vc_row td_uid_1_69de9d6dc14aa_rand  wpb_row td-pb-row\" >\n<style scoped>\n\n\/* custom css *\/\n.td_uid_1_69de9d6dc14aa_rand {\r\n                    min-height: 0;\r\n                }\n<\/style><div class=\"vc_column td_uid_2_69de9d6dc17f7_rand  wpb_column vc_column_container tdc-column td-pb-span8\">\n<style scoped>\n\n\/* custom css *\/\n.td_uid_2_69de9d6dc17f7_rand {\r\n                    vertical-align: baseline;\r\n                }\n<\/style><div class=\"wpb_wrapper\">[vc_text_separator title=&#8221;Junta Directiva&#8221; color=&#8221;sandy_brown&#8221; style=&#8221;dotted&#8221;][vc_column_text]\r\n<table align=\"center\">\r\n<tbody>\r\n<tr>\r\n<td style=\"text-align: center;\" align=\"left\"><strong><span class=\"cargoMiembro\">Presidente<\/span><\/strong>\r\n<a href=\"https:\/\/ramib.org\/oficial\/index.php\/2019\/11\/17\/m-il-sr-joan-maria-benejam-gual\/\">Excm. Sr. Joan M\u00aa. Benejam Gual<\/a><\/td>\r\n<td align=\"left\"><img decoding=\"async\" class=\"aligncenter\" src=\"https:\/\/ramib.org\/oficial\/wp-content\/uploads\/2020\/10\/Dr.-Juan-Benejam.jpg\" width=\"100\" \/><\/td>\r\n<\/tr>\r\n<tr>\r\n<td colspan=\"2\">\r\n\r\n<hr \/>\r\n\r\n<\/td>\r\n<\/tr>\r\n<tr>\r\n<td style=\"text-align: center;\" align=\"left\"><strong>Vicepresidente<\/strong>\r\n<a href=\"https:\/\/ramib.org\/oficial\/index.php\/2018\/04\/25\/m-il-sr-lluis-masmiquel-comas\/?lang=es\">M. Il. Sr. Lluis Masmiquel Comas<\/a><\/td>\r\n<td align=\"left\"><img loading=\"lazy\" decoding=\"async\" class=\"aligncenter\" src=\"https:\/\/ramib.org\/oficial\/wp-content\/uploads\/2019\/09\/comas.jpg\" width=\"100\" height=\"149\" \/><\/td>\r\n<\/tr>\r\n<tr>\r\n<td colspan=\"2\">\r\n\r\n<hr \/>\r\n\r\n<\/td>\r\n<\/tr>\r\n<tr>\r\n<td style=\"text-align: center;\" align=\"left\"><strong><span class=\"cargoMiembro\">Secretario General<\/span><\/strong>\r\n<a href=\"https:\/\/ramib.org\/oficial\/index.php\/2016\/10\/14\/m-i-sr-a-arturo-lopez-gonzalez\/?lang=es\">M. Il. Sr. \u00c1ngel Arturo L\u00f3pez Gonz\u00e1lez<\/a><\/td>\r\n<td style=\"text-align: center;\" align=\"left\"><img loading=\"lazy\" decoding=\"async\" class=\"aligncenter\" src=\"https:\/\/ramib.org\/oficial\/wp-content\/uploads\/2019\/09\/GONZALEZ.jpg\" width=\"111\" height=\"166\" \/><\/td>\r\n<\/tr>\r\n<tr>\r\n<td colspan=\"2\">\r\n\r\n<hr \/>\r\n\r\n<\/td>\r\n<\/tr>\r\n<tr>\r\n<td style=\"text-align: center;\" align=\"left\"><strong><span class=\"cargoMiembro\">Tesorero\r\n<\/span><\/strong><strong><span class=\"cargoMiembro\"><a class=\"keychainify-checked\" href=\"https:\/\/ramib.org\/oficial\/index.php\/2017\/09\/12\/m-i-sr-felix-grases-freixedas\/\" target=\"_blank\" rel=\"nofollow noopener\" data-saferedirecturl=\"https:\/\/www.google.com\/url?q=https:\/\/ramib.org\/oficial\/index.php\/2019\/11\/17\/m-il-sr-joan-maria-benejam-gual\/&amp;source=gmail&amp;ust=1647723086400000&amp;usg=AOvVaw3GjqhjJmKl4YOL3Iwnig7A\">M. Il. Sr. F\u00e8lix Grases Freixedas<\/a><\/span><\/strong><\/td>\r\n<td style=\"text-align: center;\" align=\"left\"><img loading=\"lazy\" decoding=\"async\" class=\"aligncenter\" src=\"https:\/\/ramib.org\/oficial\/wp-content\/uploads\/2017\/09\/freixedas-696x973.jpg\" width=\"102\" height=\"143\" \/><\/td>\r\n<\/tr>\r\n<tr>\r\n<td colspan=\"2\">\r\n\r\n<hr \/>\r\n\r\n<\/td>\r\n<\/tr>\r\n<tr>\r\n<td style=\"text-align: center;\" align=\"left\"><strong><span class=\"cargoMiembro\">Vicesecretario<\/span><\/strong>\r\n<a href=\"https:\/\/ramib.org\/oficial\/index.php\/2020\/09\/12\/3894\/\">M. Il. Sr. Claudio Mirasso Santos<\/a><\/td>\r\n<td style=\"text-align: center;\" align=\"left\"><img loading=\"lazy\" decoding=\"async\" class=\"entry-thumb aligncenter\" title=\"Mirasso12\" src=\"https:\/\/ramib.org\/oficial\/wp-content\/uploads\/2021\/01\/Mirasso12.jpg\" sizes=\"(max-width: 450px) 100vw, 450px\" srcset=\"https:\/\/ramib.org\/oficial\/wp-content\/uploads\/2021\/01\/Mirasso12.jpg 450w, https:\/\/ramib.org\/oficial\/wp-content\/uploads\/2021\/01\/Mirasso12-211x300.jpg 211w, https:\/\/ramib.org\/oficial\/wp-content\/uploads\/2021\/01\/Mirasso12-295x420.jpg 295w\" alt=\"\" width=\"94\" height=\"136\" \/><\/td>\r\n<\/tr>\r\n<tr>\r\n<td colspan=\"2\">\r\n\r\n<hr \/>\r\n\r\n<\/td>\r\n<\/tr>\r\n<tr>\r\n<td style=\"text-align: center;\" align=\"left\"><strong><span class=\"cargoMiembro\">Bibliotecario<\/span><\/strong>\r\nM. Il. Sr. Joan March Noguera<\/td>\r\n<td style=\"text-align: center;\"><img loading=\"lazy\" decoding=\"async\" class=\"aligncenter\" src=\"https:\/\/ramib.org\/oficial\/wp-content\/uploads\/2025\/12\/noguera.png\" width=\"107\" height=\"133\" \/><\/td>\r\n<\/tr>\r\n<\/tbody>\r\n<\/table>\r\n[\/vc_column_text]<\/div><\/div><div class=\"vc_column td_uid_3_69de9d6dc1883_rand  wpb_column vc_column_container tdc-column td-pb-span4\">\n<style scoped>\n\n\/* custom css *\/\n.td_uid_3_69de9d6dc1883_rand {\r\n                    vertical-align: baseline;\r\n                }\n<\/style><div class=\"wpb_wrapper\">[vc_text_separator title=&#8221;Men\u00fa Los Acad\u00e9micos&#8221; color=&#8221;sandy_brown&#8221; style=&#8221;dotted&#8221;]<div class=\"td_block_wrap td_block_list_menu td_uid_4_69de9d6dc19de_rand td-pb-border-top td_block_template_1 widget\"  data-td-block-uid=\"td_uid_4_69de9d6dc19de\" ><div class=\"td-block-title-wrap\"><\/div><div id=td_uid_4_69de9d6dc19de class=\"td_block_inner td-fix-index\"><div class=\"menu-els-academics-container\"><ul id=\"menu-els-academics\" class=\"menu\"><li id=\"menu-item-1893\" class=\"menu-item menu-item-type-post_type menu-item-object-page menu-item-1893\"><a href=\"https:\/\/ramib.org\/oficial\/index.php\/juntdirectiv\/\">Junta directiva<\/a><\/li>\n<li id=\"menu-item-1695\" class=\"menu-item menu-item-type-post_type menu-item-object-page menu-item-1695\"><a href=\"https:\/\/ramib.org\/oficial\/index.php\/academicos-de-honor\/\">Acad\u00e8mics d\u00b4honor<\/a><\/li>\n<li id=\"menu-item-1697\" class=\"menu-item menu-item-type-post_type menu-item-object-page menu-item-1697\"><a href=\"https:\/\/ramib.org\/oficial\/index.php\/academics-numeraris\/\">Acad\u00e8mics numeraris<\/a><\/li>\n<li id=\"menu-item-1696\" class=\"menu-item menu-item-type-post_type menu-item-object-page menu-item-1696\"><a href=\"https:\/\/ramib.org\/oficial\/index.php\/academics-corresponents\/\">Acad\u00e8mics corresponents<\/a><\/li>\n<li id=\"menu-item-1699\" class=\"menu-item menu-item-type-post_type menu-item-object-page menu-item-1699\"><a href=\"https:\/\/ramib.org\/oficial\/index.php\/academics-emerits\/\">Acad\u00e8mics Em\u00e8rits<\/a><\/li>\n<\/ul><\/div><\/div><\/div> <!-- .\/block --><\/div><\/div><\/div><\/div>","protected":false},"excerpt":{"rendered":"[vc_text_separator title=\"Junta Directiva\" color=\"sandy_brown\" style=\"dotted\"][vc_column_text] Presidente Excm. Sr. Joan M\u00aa. Benejam Gual Vicepresidente M. Il. Sr. Lluis Masmiquel Comas Secretario General M. Il. Sr. \u00c1ngel Arturo L\u00f3pez Gonz\u00e1lez Tesorero M. [...]","protected":false},"author":1,"featured_media":0,"parent":0,"menu_order":3,"comment_status":"closed","ping_status":"closed","template":"","meta":{"_monsterinsights_skip_tracking":false,"_monsterinsights_sitenote_active":false,"_monsterinsights_sitenote_note":"","_monsterinsights_sitenote_category":0,"footnotes":""},"_links":{"self":[{"href":"https:\/\/ramib.org\/oficial\/index.php\/wp-json\/wp\/v2\/pages\/1628"}],"collection":[{"href":"https:\/\/ramib.org\/oficial\/index.php\/wp-json\/wp\/v2\/pages"}],"about":[{"href":"https:\/\/ramib.org\/oficial\/index.php\/wp-json\/wp\/v2\/types\/page"}],"author":[{"embeddable":true,"href":"https:\/\/ramib.org\/oficial\/index.php\/wp-json\/wp\/v2\/users\/1"}],"replies":[{"embeddable":true,"href":"https:\/\/ramib.org\/oficial\/index.php\/wp-json\/wp\/v2\/comments?post=1628"}],"version-history":[{"count":25,"href":"https:\/\/ramib.org\/oficial\/index.php\/wp-json\/wp\/v2\/pages\/1628\/revisions"}],"predecessor-version":[{"id":7139,"href":"https:\/\/ramib.org\/oficial\/index.php\/wp-json\/wp\/v2\/pages\/1628\/revisions\/7139"}],"wp:attachment":[{"href":"https:\/\/ramib.org\/oficial\/index.php\/wp-json\/wp\/v2\/media?parent=1628"}],"curies":[{"name":"wp","href":"https:\/\/api.w.org\/{rel}","templated":true}]}}