{"id":1207,"date":"2019-09-12T10:18:27","date_gmt":"2019-09-12T10:18:27","guid":{"rendered":"https:\/\/ramib.org\/oficial\/?page_id=1207"},"modified":"2020-12-30T01:56:00","modified_gmt":"2020-12-30T01:56:00","slug":"arxiu","status":"publish","type":"page","link":"https:\/\/ramib.org\/oficial\/index.php\/arxiu\/","title":{"rendered":"Arxiu"},"content":{"rendered":"<div id=\"td_uid_1_69d75b585e0ff\" class=\"tdc-row\"><div class=\"vc_row td_uid_1_69d75b585e109_rand no-margin-bttom wpb_row td-pb-row\" >\n<style scoped>\n\n\/* custom css *\/\n.td_uid_1_69d75b585e109_rand {\r\n                    min-height: 0;\r\n                }\n<\/style><div class=\"vc_column td_uid_2_69d75b585e41e_rand  wpb_column vc_column_container tdc-column td-pb-span8\">\n<style scoped>\n\n\/* custom css *\/\n.td_uid_2_69d75b585e41e_rand {\r\n                    vertical-align: baseline;\r\n                }\n<\/style><div class=\"wpb_wrapper\">[vc_text_separator title=&#8221;Novetats de l&#8217;arxiu&#8221; i_icon_fontawesome=&#8221;fa fa-inbox&#8221; color=&#8221;sandy_brown&#8221; style=&#8221;dotted&#8221; add_icon=&#8221;true&#8221;]<div class=\"td_block_wrap td_block_2 td_uid_3_69d75b585e71c_rand td_with_ajax_pagination td-pb-border-top td_block_template_1 td-column-2 td_block_padding\"  data-td-block-uid=\"td_uid_3_69d75b585e71c\" ><script>var block_td_uid_3_69d75b585e71c = new tdBlock();\nblock_td_uid_3_69d75b585e71c.id = \"td_uid_3_69d75b585e71c\";\nblock_td_uid_3_69d75b585e71c.atts = '{\"category_id\":\"24\",\"ajax_pagination\":\"next_prev\",\"tdc_css\":\"\",\"separator\":\"\",\"custom_title\":\"\",\"custom_url\":\"\",\"block_template_id\":\"\",\"m2_tl\":\"\",\"m2_el\":\"\",\"m6_tl\":\"\",\"post_ids\":\"\",\"category_ids\":\"\",\"tag_slug\":\"\",\"autors_id\":\"\",\"installed_post_types\":\"\",\"sort\":\"\",\"limit\":\"5\",\"offset\":\"\",\"show_modified_date\":\"\",\"el_class\":\"\",\"td_ajax_filter_type\":\"\",\"td_ajax_filter_ids\":\"\",\"td_filter_default_txt\":\"All\",\"td_ajax_preloading\":\"\",\"f_header_font_header\":\"\",\"f_header_font_title\":\"Block header\",\"f_header_font_settings\":\"\",\"f_header_font_family\":\"\",\"f_header_font_size\":\"\",\"f_header_font_line_height\":\"\",\"f_header_font_style\":\"\",\"f_header_font_weight\":\"\",\"f_header_font_transform\":\"\",\"f_header_font_spacing\":\"\",\"f_header_\":\"\",\"f_ajax_font_title\":\"Ajax categories\",\"f_ajax_font_settings\":\"\",\"f_ajax_font_family\":\"\",\"f_ajax_font_size\":\"\",\"f_ajax_font_line_height\":\"\",\"f_ajax_font_style\":\"\",\"f_ajax_font_weight\":\"\",\"f_ajax_font_transform\":\"\",\"f_ajax_font_spacing\":\"\",\"f_ajax_\":\"\",\"f_more_font_title\":\"Load more button\",\"f_more_font_settings\":\"\",\"f_more_font_family\":\"\",\"f_more_font_size\":\"\",\"f_more_font_line_height\":\"\",\"f_more_font_style\":\"\",\"f_more_font_weight\":\"\",\"f_more_font_transform\":\"\",\"f_more_font_spacing\":\"\",\"f_more_\":\"\",\"m2f_title_font_header\":\"\",\"m2f_title_font_title\":\"Article title\",\"m2f_title_font_settings\":\"\",\"m2f_title_font_family\":\"\",\"m2f_title_font_size\":\"\",\"m2f_title_font_line_height\":\"\",\"m2f_title_font_style\":\"\",\"m2f_title_font_weight\":\"\",\"m2f_title_font_transform\":\"\",\"m2f_title_font_spacing\":\"\",\"m2f_title_\":\"\",\"m2f_cat_font_title\":\"Article category tag\",\"m2f_cat_font_settings\":\"\",\"m2f_cat_font_family\":\"\",\"m2f_cat_font_size\":\"\",\"m2f_cat_font_line_height\":\"\",\"m2f_cat_font_style\":\"\",\"m2f_cat_font_weight\":\"\",\"m2f_cat_font_transform\":\"\",\"m2f_cat_font_spacing\":\"\",\"m2f_cat_\":\"\",\"m2f_meta_font_title\":\"Article meta info\",\"m2f_meta_font_settings\":\"\",\"m2f_meta_font_family\":\"\",\"m2f_meta_font_size\":\"\",\"m2f_meta_font_line_height\":\"\",\"m2f_meta_font_style\":\"\",\"m2f_meta_font_weight\":\"\",\"m2f_meta_font_transform\":\"\",\"m2f_meta_font_spacing\":\"\",\"m2f_meta_\":\"\",\"m2f_ex_font_title\":\"Article excerpt\",\"m2f_ex_font_settings\":\"\",\"m2f_ex_font_family\":\"\",\"m2f_ex_font_size\":\"\",\"m2f_ex_font_line_height\":\"\",\"m2f_ex_font_style\":\"\",\"m2f_ex_font_weight\":\"\",\"m2f_ex_font_transform\":\"\",\"m2f_ex_font_spacing\":\"\",\"m2f_ex_\":\"\",\"m6f_title_font_header\":\"\",\"m6f_title_font_title\":\"Article title\",\"m6f_title_font_settings\":\"\",\"m6f_title_font_family\":\"\",\"m6f_title_font_size\":\"\",\"m6f_title_font_line_height\":\"\",\"m6f_title_font_style\":\"\",\"m6f_title_font_weight\":\"\",\"m6f_title_font_transform\":\"\",\"m6f_title_font_spacing\":\"\",\"m6f_title_\":\"\",\"m6f_cat_font_title\":\"Article category tag\",\"m6f_cat_font_settings\":\"\",\"m6f_cat_font_family\":\"\",\"m6f_cat_font_size\":\"\",\"m6f_cat_font_line_height\":\"\",\"m6f_cat_font_style\":\"\",\"m6f_cat_font_weight\":\"\",\"m6f_cat_font_transform\":\"\",\"m6f_cat_font_spacing\":\"\",\"m6f_cat_\":\"\",\"m6f_meta_font_title\":\"Article meta info\",\"m6f_meta_font_settings\":\"\",\"m6f_meta_font_family\":\"\",\"m6f_meta_font_size\":\"\",\"m6f_meta_font_line_height\":\"\",\"m6f_meta_font_style\":\"\",\"m6f_meta_font_weight\":\"\",\"m6f_meta_font_transform\":\"\",\"m6f_meta_font_spacing\":\"\",\"m6f_meta_\":\"\",\"ajax_pagination_infinite_stop\":\"\",\"css\":\"\",\"td_column_number\":2,\"header_color\":\"\",\"color_preset\":\"\",\"border_top\":\"\",\"class\":\"td_uid_3_69d75b585e71c_rand\",\"tdc_css_class\":\"td_uid_3_69d75b585e71c_rand\",\"tdc_css_class_style\":\"td_uid_3_69d75b585e71c_rand_style\"}';\nblock_td_uid_3_69d75b585e71c.td_column_number = \"2\";\nblock_td_uid_3_69d75b585e71c.block_type = \"td_block_2\";\nblock_td_uid_3_69d75b585e71c.post_count = \"5\";\nblock_td_uid_3_69d75b585e71c.found_posts = \"185\";\nblock_td_uid_3_69d75b585e71c.header_color = \"\";\nblock_td_uid_3_69d75b585e71c.ajax_pagination_infinite_stop = \"\";\nblock_td_uid_3_69d75b585e71c.max_num_pages = \"37\";\ntdBlocksArray.push(block_td_uid_3_69d75b585e71c);\n<\/script><div class=\"td-block-title-wrap\"><\/div><div id=td_uid_3_69d75b585e71c class=\"td_block_inner\">\n\n\t<div class=\"td-block-row\">\n\n\t<div class=\"td-block-span6\">\n\r\n        <div class=\"td_module_2 td_module_wrap td-animation-stack\">\r\n            <div class=\"td-module-image\">\r\n                <div class=\"td-module-thumb\"><a href=\"https:\/\/ramib.org\/oficial\/index.php\/2026\/04\/06\/7242\/\" rel=\"bookmark\" class=\"td-image-wrap\" title=\"\"><img loading=\"lazy\" decoding=\"async\" width=\"324\" height=\"160\" class=\"entry-thumb\" src=\"https:\/\/ramib.org\/oficial\/wp-content\/uploads\/2026\/04\/image-1-324x160.png\"  srcset=\"https:\/\/ramib.org\/oficial\/wp-content\/uploads\/2026\/04\/image-1-324x160.png 324w, https:\/\/ramib.org\/oficial\/wp-content\/uploads\/2026\/04\/image-1-533x261.png 533w\" sizes=\"(max-width: 324px) 100vw, 324px\"  alt=\"\" title=\"\" \/><\/a><\/div>                            <\/div>\r\n            <h3 class=\"entry-title td-module-title\"><a href=\"https:\/\/ramib.org\/oficial\/index.php\/2026\/04\/06\/7242\/\" rel=\"bookmark\" title=\"\"><\/a><\/h3>\r\n\r\n            <div class=\"td-module-meta-info\">\r\n                <span class=\"td-post-author-name\"><a href=\"https:\/\/ramib.org\/oficial\/index.php\/author\/ad_dramib\/\">RAMIB<\/a> <span>-<\/span> <\/span>                <span class=\"td-post-date\"><time class=\"entry-date updated td-module-date\" datetime=\"2026-04-06T19:52:02+00:00\" >abril 6, 2026<\/time><\/span>                <div class=\"td-module-comments\"><a href=\"https:\/\/ramib.org\/oficial\/index.php\/2026\/04\/06\/7242\/#respond\">0<\/a><\/div>            <\/div>\r\n\r\n\r\n            <div class=\"td-excerpt\">\r\n                \nDimarts que ve 14 d&#039;abril tindr\u00e0 lloc a la seu de la Reial Acad\u00e8mia de Medicina de les Illes Balears la sessi\u00f3...            <\/div>\r\n\r\n            \r\n        <\/div>\r\n\r\n        \n\t<\/div> <!-- .\/td-block-span6 -->\n\n\t<div class=\"td-block-span6\">\n\r\n        <div class=\"td_module_2 td_module_wrap td-animation-stack\">\r\n            <div class=\"td-module-image\">\r\n                <div class=\"td-module-thumb\"><a href=\"https:\/\/ramib.org\/oficial\/index.php\/2026\/04\/06\/els-nous-injectables-contra-lobesitat-eficacia-riscos-i-us-adequat\/\" rel=\"bookmark\" class=\"td-image-wrap\" title=\"\"><img loading=\"lazy\" decoding=\"async\" width=\"324\" height=\"160\" class=\"entry-thumb\" src=\"https:\/\/ramib.org\/oficial\/wp-content\/uploads\/2026\/04\/portada-obesidad-catalan-1-324x160.jpg\"  srcset=\"https:\/\/ramib.org\/oficial\/wp-content\/uploads\/2026\/04\/portada-obesidad-catalan-1-324x160.jpg 324w, https:\/\/ramib.org\/oficial\/wp-content\/uploads\/2026\/04\/portada-obesidad-catalan-1-533x261.jpg 533w\" sizes=\"(max-width: 324px) 100vw, 324px\"  alt=\"\" title=\"\" \/><\/a><\/div>                            <\/div>\r\n            <h3 class=\"entry-title td-module-title\"><a href=\"https:\/\/ramib.org\/oficial\/index.php\/2026\/04\/06\/els-nous-injectables-contra-lobesitat-eficacia-riscos-i-us-adequat\/\" rel=\"bookmark\" title=\"\"><\/a><\/h3>\r\n\r\n            <div class=\"td-module-meta-info\">\r\n                <span class=\"td-post-author-name\"><a href=\"https:\/\/ramib.org\/oficial\/index.php\/author\/ad_dramib\/\">RAMIB<\/a> <span>-<\/span> <\/span>                <span class=\"td-post-date\"><time class=\"entry-date updated td-module-date\" datetime=\"2026-04-06T19:25:39+00:00\" >abril 6, 2026<\/time><\/span>                <div class=\"td-module-comments\"><a href=\"https:\/\/ramib.org\/oficial\/index.php\/2026\/04\/06\/els-nous-injectables-contra-lobesitat-eficacia-riscos-i-us-adequat\/#respond\">0<\/a><\/div>            <\/div>\r\n\r\n\r\n            <div class=\"td-excerpt\">\r\n                \n\nhttps:\/\/www.youtube.com\/watch?v=icZT0TFZesw&amp;t=9s\n\n\n\n\nP\u00edndola realitzada pel M. I. Sr. Llu\u00eds Masmiquel Com\u00e1s, acad\u00e8mic numeri de la RAMIB.Amb una \u00e0mplia...            <\/div>\r\n\r\n            \r\n        <\/div>\r\n\r\n        \n\t<\/div> <!-- .\/td-block-span6 --><\/div><!--.\/row-fluid-->\n\n\t<div class=\"td-block-row\">\n\n\t<div class=\"td-block-span6\">\n\r\n        <div class=\"td_module_6 td_module_wrap td-animation-stack\">\r\n\r\n        <div class=\"td-module-thumb\"><a href=\"https:\/\/ramib.org\/oficial\/index.php\/2026\/03\/13\/7178\/\" rel=\"bookmark\" class=\"td-image-wrap\" title=\"19\/03\/2026: \u201cDels algorismes a les decisions cl\u00edniques: Entendre i regular la Intel\u00b7lig\u00e8ncia Artificial en Medicina\u201d\"><img loading=\"lazy\" decoding=\"async\" width=\"100\" height=\"70\" class=\"entry-thumb\" src=\"https:\/\/ramib.org\/oficial\/wp-content\/uploads\/2026\/03\/IMG_20260319_190853-100x70.jpg\"  srcset=\"https:\/\/ramib.org\/oficial\/wp-content\/uploads\/2026\/03\/IMG_20260319_190853-100x70.jpg 100w, https:\/\/ramib.org\/oficial\/wp-content\/uploads\/2026\/03\/IMG_20260319_190853-218x150.jpg 218w\" sizes=\"(max-width: 100px) 100vw, 100px\"  alt=\"\" title=\"19\/03\/2026: \u201cDels algorismes a les decisions cl\u00edniques: Entendre i regular la Intel\u00b7lig\u00e8ncia Artificial en Medicina\u201d\" \/><\/a><\/div>\r\n        <div class=\"item-details\">\r\n            <h3 class=\"entry-title td-module-title\"><a href=\"https:\/\/ramib.org\/oficial\/index.php\/2026\/03\/13\/7178\/\" rel=\"bookmark\" title=\"19\/03\/2026: \u201cDels algorismes a les decisions cl\u00edniques: Entendre i regular la Intel\u00b7lig\u00e8ncia Artificial en Medicina\u201d\">19\/03\/2026: \u201cDels algorismes a les decisions cl\u00edniques: Entendre i regular la...<\/a><\/h3>            <div class=\"td-module-meta-info\">\r\n                                                <span class=\"td-post-date\"><time class=\"entry-date updated td-module-date\" datetime=\"2026-03-13T10:13:10+00:00\" >mar\u00e7 13, 2026<\/time><\/span>                            <\/div>\r\n        <\/div>\r\n\r\n        <\/div>\r\n\r\n        \n\t<\/div> <!-- .\/td-block-span6 -->\n\n\t<div class=\"td-block-span6\">\n\r\n        <div class=\"td_module_6 td_module_wrap td-animation-stack\">\r\n\r\n        <div class=\"td-module-thumb\"><a href=\"https:\/\/ramib.org\/oficial\/index.php\/2026\/02\/27\/7107\/\" rel=\"bookmark\" class=\"td-image-wrap\" title=\"03\/03\/2026: Desenvolupament del programa de c\u00e0ncer de c\u00f2lon a Balears: Paper crucial de l&#8217;Associaci\u00f3 Espanyola Contra el C\u00e0ncer\"><img loading=\"lazy\" decoding=\"async\" width=\"100\" height=\"70\" class=\"entry-thumb\" src=\"https:\/\/ramib.org\/oficial\/wp-content\/uploads\/2026\/02\/IMG_20260303_190020-100x70.jpg\"  srcset=\"https:\/\/ramib.org\/oficial\/wp-content\/uploads\/2026\/02\/IMG_20260303_190020-100x70.jpg 100w, https:\/\/ramib.org\/oficial\/wp-content\/uploads\/2026\/02\/IMG_20260303_190020-218x150.jpg 218w\" sizes=\"(max-width: 100px) 100vw, 100px\"  alt=\"\" title=\"03\/03\/2026: Desenvolupament del programa de c\u00e0ncer de c\u00f2lon a Balears: Paper crucial de l&#8217;Associaci\u00f3 Espanyola Contra el C\u00e0ncer\" \/><\/a><\/div>\r\n        <div class=\"item-details\">\r\n            <h3 class=\"entry-title td-module-title\"><a href=\"https:\/\/ramib.org\/oficial\/index.php\/2026\/02\/27\/7107\/\" rel=\"bookmark\" title=\"03\/03\/2026: Desenvolupament del programa de c\u00e0ncer de c\u00f2lon a Balears: Paper crucial de l&#8217;Associaci\u00f3 Espanyola Contra el C\u00e0ncer\">03\/03\/2026: Desenvolupament del programa de c\u00e0ncer de c\u00f2lon a Balears: Paper...<\/a><\/h3>            <div class=\"td-module-meta-info\">\r\n                                                <span class=\"td-post-date\"><time class=\"entry-date updated td-module-date\" datetime=\"2026-02-27T07:38:01+00:00\" >febrer 27, 2026<\/time><\/span>                            <\/div>\r\n        <\/div>\r\n\r\n        <\/div>\r\n\r\n        \n\t<\/div> <!-- .\/td-block-span6 --><\/div><!--.\/row-fluid-->\n\n\t<div class=\"td-block-row\">\n\n\t<div class=\"td-block-span6\">\n\r\n        <div class=\"td_module_6 td_module_wrap td-animation-stack\">\r\n\r\n        <div class=\"td-module-thumb\"><a href=\"https:\/\/ramib.org\/oficial\/index.php\/2026\/02\/25\/cerca-de-nous-biomarcadors-per-a-la-leucemia-infantil\/\" rel=\"bookmark\" class=\"td-image-wrap\" title=\"Cerca de nous biomarcadors per a la leuc\u00e8mia infantil\"><img loading=\"lazy\" decoding=\"async\" width=\"100\" height=\"70\" class=\"entry-thumb\" src=\"https:\/\/ramib.org\/oficial\/wp-content\/uploads\/2026\/01\/IMG_9201-100x70.jpg\"  srcset=\"https:\/\/ramib.org\/oficial\/wp-content\/uploads\/2026\/01\/IMG_9201-100x70.jpg 100w, https:\/\/ramib.org\/oficial\/wp-content\/uploads\/2026\/01\/IMG_9201-218x150.jpg 218w\" sizes=\"(max-width: 100px) 100vw, 100px\"  alt=\"\" title=\"Cerca de nous biomarcadors per a la leuc\u00e8mia infantil\" \/><\/a><\/div>\r\n        <div class=\"item-details\">\r\n            <h3 class=\"entry-title td-module-title\"><a href=\"https:\/\/ramib.org\/oficial\/index.php\/2026\/02\/25\/cerca-de-nous-biomarcadors-per-a-la-leucemia-infantil\/\" rel=\"bookmark\" title=\"Cerca de nous biomarcadors per a la leuc\u00e8mia infantil\">Cerca de nous biomarcadors per a la leuc\u00e8mia infantil<\/a><\/h3>            <div class=\"td-module-meta-info\">\r\n                                                <span class=\"td-post-date\"><time class=\"entry-date updated td-module-date\" datetime=\"2026-02-25T15:41:03+00:00\" >febrer 25, 2026<\/time><\/span>                            <\/div>\r\n        <\/div>\r\n\r\n        <\/div>\r\n\r\n        \n\t<\/div> <!-- .\/td-block-span6 --><\/div><!--.\/row-fluid--><\/div><div class=\"td-next-prev-wrap\"><a href=\"#\" class=\"td-ajax-prev-page ajax-page-disabled\" id=\"prev-page-td_uid_3_69d75b585e71c\" data-td_block_id=\"td_uid_3_69d75b585e71c\"><i class=\"td-icon-font td-icon-menu-left\"><\/i><\/a><a href=\"#\"  class=\"td-ajax-next-page\" id=\"next-page-td_uid_3_69d75b585e71c\" data-td_block_id=\"td_uid_3_69d75b585e71c\"><i class=\"td-icon-font td-icon-menu-right\"><\/i><\/a><\/div><\/div> <!-- .\/block --><\/div><\/div><div class=\"vc_column td_uid_4_69d75b5865ff8_rand  wpb_column vc_column_container tdc-column td-pb-span4\">\n<style scoped>\n\n\/* custom css *\/\n.td_uid_4_69d75b5865ff8_rand {\r\n                    vertical-align: baseline;\r\n                }\n<\/style><div class=\"wpb_wrapper\">[vc_text_separator title=&#8221;Per anys&#8221; i_icon_fontawesome=&#8221;fa fa-calendar&#8221; color=&#8221;sandy_brown&#8221; style=&#8221;dotted&#8221; add_icon=&#8221;true&#8221; el_class=&#8221;no-margin-bttom&#8221;]<div class=\"td_block_wrap td_block_list_menu td_uid_5_69d75b58661b8_rand td-pb-border-top td_block_template_1 widget\"  data-td-block-uid=\"td_uid_5_69d75b58661b8\" >\n<style>\n\/* custom css *\/\n.td_uid_5_69d75b58661b8_rand ul {\r\n\t\t\t\t\ttext-align: center;\r\n\t\t\t\t}\r\n\t\t\t\t\r\n\r\n                \r\n\t\t\t\t.td_uid_5_69d75b58661b8_rand a {\r\n\t\t\t\t\tcolor: #ea4600;\r\n\t\t\t\t}\r\n\t\t\t\t\r\n\t\t\t\t.td_uid_5_69d75b58661b8_rand a:hover {\r\n\t\t\t\t\tcolor: #ddd833;\r\n\t\t\t\t}\n<\/style><div class=\"td-block-title-wrap\"><\/div><div id=td_uid_5_69d75b58661b8 class=\"td_block_inner td-fix-index\"><div class=\"menu-arxiu-per-anys-container\"><ul id=\"menu-arxiu-per-anys\" class=\"menu\"><li id=\"menu-item-6298\" class=\"menu-item menu-item-type-taxonomy menu-item-object-category menu-item-6298\"><a href=\"https:\/\/ramib.org\/oficial\/index.php\/category\/arxiu\/noticies-2025\/\">Not\u00edcies 2025<\/a><\/li>\n<li id=\"menu-item-6070\" class=\"menu-item menu-item-type-taxonomy menu-item-object-category menu-item-6070\"><a href=\"https:\/\/ramib.org\/oficial\/index.php\/category\/arxiu\/noticies-2024\/\">Not\u00edcies 2024<\/a><\/li>\n<li id=\"menu-item-6069\" class=\"menu-item menu-item-type-taxonomy menu-item-object-category menu-item-6069\"><a href=\"https:\/\/ramib.org\/oficial\/index.php\/category\/arxiu\/noticies-2023\/\">Not\u00edcies 2023<\/a><\/li>\n<li id=\"menu-item-3372\" class=\"menu-item menu-item-type-taxonomy menu-item-object-category menu-item-3372\"><a href=\"https:\/\/ramib.org\/oficial\/index.php\/category\/arxiu\/noticies-2022\/\">Not\u00edcies 2022<\/a><\/li>\n<li id=\"menu-item-2600\" class=\"menu-item menu-item-type-taxonomy menu-item-object-category menu-item-2600\"><a href=\"https:\/\/ramib.org\/oficial\/index.php\/category\/arxiu\/noticies-2021\/\">Not\u00edcies 2021<\/a><\/li>\n<li id=\"menu-item-2088\" class=\"menu-item menu-item-type-taxonomy menu-item-object-category menu-item-2088\"><a href=\"https:\/\/ramib.org\/oficial\/index.php\/category\/arxiu\/noticies-2020\/\">Not\u00edcies 2020<\/a><\/li>\n<li id=\"menu-item-1228\" class=\"menu-item menu-item-type-taxonomy menu-item-object-category menu-item-1228\"><a href=\"https:\/\/ramib.org\/oficial\/index.php\/category\/arxiu\/noticies-2019\/\">Not\u00edcies 2019<\/a><\/li>\n<li id=\"menu-item-1227\" class=\"menu-item menu-item-type-taxonomy menu-item-object-category menu-item-1227\"><a href=\"https:\/\/ramib.org\/oficial\/index.php\/category\/arxiu\/noticies-2018\/\">Not\u00edcies 2018<\/a><\/li>\n<li id=\"menu-item-1226\" class=\"menu-item menu-item-type-taxonomy menu-item-object-category menu-item-1226\"><a href=\"https:\/\/ramib.org\/oficial\/index.php\/category\/arxiu\/noticies-2017\/\">Not\u00edcies 2017<\/a><\/li>\n<li id=\"menu-item-1225\" class=\"menu-item menu-item-type-taxonomy menu-item-object-category menu-item-1225\"><a href=\"https:\/\/ramib.org\/oficial\/index.php\/category\/arxiu\/noticies-2016\/\">Not\u00edcies 2016<\/a><\/li>\n<li id=\"menu-item-1224\" class=\"menu-item menu-item-type-taxonomy menu-item-object-category menu-item-1224\"><a href=\"https:\/\/ramib.org\/oficial\/index.php\/category\/arxiu\/noticies-2015\/\">Noticies 2015<\/a><\/li>\n<li id=\"menu-item-1223\" class=\"menu-item menu-item-type-taxonomy menu-item-object-category menu-item-1223\"><a href=\"https:\/\/ramib.org\/oficial\/index.php\/category\/arxiu\/noticies-2014\/\">Not\u00edcies 2014<\/a><\/li>\n<li id=\"menu-item-1222\" class=\"menu-item menu-item-type-taxonomy menu-item-object-category menu-item-1222\"><a href=\"https:\/\/ramib.org\/oficial\/index.php\/category\/arxiu\/noticies-2013\/\">Not\u00edcies 2013<\/a><\/li>\n<li id=\"menu-item-1221\" class=\"menu-item menu-item-type-taxonomy menu-item-object-category menu-item-1221\"><a href=\"https:\/\/ramib.org\/oficial\/index.php\/category\/arxiu\/noticies-2012\/\">Not\u00edcies 2012<\/a><\/li>\n<li id=\"menu-item-1220\" class=\"menu-item menu-item-type-taxonomy menu-item-object-category menu-item-1220\"><a href=\"https:\/\/ramib.org\/oficial\/index.php\/category\/arxiu\/noticies-2011\/\">Not\u00edcies 2011<\/a><\/li>\n<li id=\"menu-item-1219\" class=\"menu-item menu-item-type-taxonomy menu-item-object-category menu-item-1219\"><a href=\"https:\/\/ramib.org\/oficial\/index.php\/category\/arxiu\/noticies-2010\/\">Not\u00edcies 2010<\/a><\/li>\n<\/ul><\/div><\/div><\/div> <!-- .\/block --><\/div><\/div><\/div><\/div>","protected":false},"excerpt":{"rendered":"[vc_text_separator title=\"Novetats de l'arxiu\" i_icon_fontawesome=\"fa fa-inbox\" color=\"sandy_brown\" style=\"dotted\" add_icon=\"true\"] RAMIB - abril 6, 2026 0 Dimarts que ve 14 d&#039;abril tindr\u00e0 lloc a la seu de la Reial Acad\u00e8mia de [...]","protected":false},"author":1,"featured_media":0,"parent":0,"menu_order":0,"comment_status":"closed","ping_status":"closed","template":"","meta":{"_monsterinsights_skip_tracking":false,"_monsterinsights_sitenote_active":false,"_monsterinsights_sitenote_note":"","_monsterinsights_sitenote_category":0,"footnotes":""},"_links":{"self":[{"href":"https:\/\/ramib.org\/oficial\/index.php\/wp-json\/wp\/v2\/pages\/1207"}],"collection":[{"href":"https:\/\/ramib.org\/oficial\/index.php\/wp-json\/wp\/v2\/pages"}],"about":[{"href":"https:\/\/ramib.org\/oficial\/index.php\/wp-json\/wp\/v2\/types\/page"}],"author":[{"embeddable":true,"href":"https:\/\/ramib.org\/oficial\/index.php\/wp-json\/wp\/v2\/users\/1"}],"replies":[{"embeddable":true,"href":"https:\/\/ramib.org\/oficial\/index.php\/wp-json\/wp\/v2\/comments?post=1207"}],"version-history":[{"count":13,"href":"https:\/\/ramib.org\/oficial\/index.php\/wp-json\/wp\/v2\/pages\/1207\/revisions"}],"predecessor-version":[{"id":2599,"href":"https:\/\/ramib.org\/oficial\/index.php\/wp-json\/wp\/v2\/pages\/1207\/revisions\/2599"}],"wp:attachment":[{"href":"https:\/\/ramib.org\/oficial\/index.php\/wp-json\/wp\/v2\/media?parent=1207"}],"curies":[{"name":"wp","href":"https:\/\/api.w.org\/{rel}","templated":true}]}}