{"id":107,"date":"2015-02-13T15:45:06","date_gmt":"2015-02-13T15:45:06","guid":{"rendered":"https:\/\/ramib.org\/oficial\/index.php\/academicos-correspondientes\/?lang=es"},"modified":"2026-01-30T16:35:40","modified_gmt":"2026-01-30T16:35:40","slug":"academicos-correspondientes","status":"publish","type":"page","link":"https:\/\/ramib.org\/oficial\/index.php\/academicos-correspondientes\/?lang=es","title":{"rendered":"Acad\u00e9micos Correspondientes"},"content":{"rendered":"<div id=\"td_uid_1_69debc97b25c1\" class=\"tdc-row\"><div class=\"vc_row td_uid_1_69debc97b25c9_rand  wpb_row td-pb-row\" >\n<style scoped>\n\n\/* custom css *\/\n.td_uid_1_69debc97b25c9_rand {\r\n                    min-height: 0;\r\n                }\n<\/style><div class=\"vc_column td_uid_2_69debc97b295c_rand  wpb_column vc_column_container tdc-column td-pb-span8\">\n<style scoped>\n\n\/* custom css *\/\n.td_uid_2_69debc97b295c_rand {\r\n                    vertical-align: baseline;\r\n                }\n<\/style><div class=\"wpb_wrapper\">[vc_text_separator title=&#8221;Acad\u00e9micos Correspondientes&#8221; color=&#8221;orange&#8221; style=&#8221;dotted&#8221;][vc_column_text]\r\n<p style=\"text-align: center;\"><span style=\"font-family: verdana, geneva; font-size: 8pt;\"><strong>ACAD\u00c9MICOS CORRESPONDIENTES NACIONALES POR PREMIO<\/strong><\/span><\/p>\r\n\r\n<ol>\r\n \t<li>Sr. Ferm\u00edn Palma Rodr\u00edguez<\/li>\r\n \t<li>Sr. Bartolom\u00e9 Mestre Mestre<\/li>\r\n \t<li>Sr. Manuel Roig Tar\u00edn<\/li>\r\n \t<li>Sr. Jaime F. Cifre Sastre<\/li>\r\n \t<li>Sr. Juan Soler Ram\u00f3n<\/li>\r\n \t<li>Sr. Jaime Mulet Meli\u00e1<\/li>\r\n \t<li>Sr. Antonio Contreras Mas<\/li>\r\n \t<li>Sr. Gabriel Forteza Gonz\u00e1lez<\/li>\r\n \t<li>Sr. Javier Olabe J\u00e1uregui<\/li>\r\n \t<li>Sr. Bartolom\u00e9 Jaume Roig<\/li>\r\n \t<li>Sr. Javier Hern\u00e1ndez Gonz\u00e1lez<\/li>\r\n \t<li>Sr. Francisco Mir Fullana<\/li>\r\n \t<li>Sr. Lucio Pallar\u00e9s Ferreres (1995)<\/li>\r\n \t<li>Sr. Miguel Fiol Sala (1996)<\/li>\r\n \t<li>Sr. Alfredo G\u00f3mez Jaume (1997)<\/li>\r\n \t<li>Sr. Miguel Cabrer Gonz\u00e1lez (1997)<\/li>\r\n \t<li>Sr. Estanislao Arana F. de Moya (1998)<\/li>\r\n \t<li>Sr. Francisco Tadeo G\u00f3mez Ruiz (1999)<\/li>\r\n \t<li>Sr. Federico Gilberto Hawkins Carranza (2000)<\/li>\r\n \t<li>Sr. Jos\u00e9 Antonio de Pedro Moro (2002)<\/li>\r\n \t<li>Sr. Josep Llu\u00eds Aguilar S\u00e1nchez (2003)<\/li>\r\n \t<li>Sra. Lourdes Guti\u00e9rrez Franc\u00e9s (2004)<\/li>\r\n \t<li>Sr. Jos\u00e9 Mar\u00eda Rapar\u00edz Gonz\u00e1lez (2007)<\/li>\r\n \t<li>Sr. Jon Olabe Goxencia (2009)<\/li>\r\n \t<li>Sra. Mar\u00eda G\u00f3mez Resa (2010)<\/li>\r\n \t<li>Sra. Mal\u00e9n Sampol L\u00f3pez (2011)<\/li>\r\n \t<li>Sr. Gregorio Rodr\u00edguez Boto (2013)<\/li>\r\n \t<li>Sr. Javier del Pino Sans (2015)<\/li>\r\n \t<li>Sr. Jordi Mart\u00ednez Serra (2016)<\/li>\r\n \t<li>Sra. Rosa Gonz\u00e1lez Casquero (2017)<\/li>\r\n \t<li>Sr. Enrique Salmer\u00f3n Gonz\u00e1lez (2018)<\/li>\r\n \t<li>Sra. Isabel Valadr\u00f3n Sucasas (2019)<\/li>\r\n \t<li>Aina Maria Y\u00e1\u00f1ez Juan (2020)<\/li>\r\n \t<li>Paula Viviana Moyano-Cires Ivanoff (2021)<\/li>\r\n \t<li>Antoni Benn\u00e0ssar Vicens (2022)<\/li>\r\n \t<li>Fabi\u00e1n Unda Villafuerte (2023)<\/li>\r\n<\/ol>\r\n&nbsp;\r\n\r\n<hr \/>\r\n\r\n&nbsp;\r\n<p style=\"text-align: center;\"><span style=\"font-family: verdana, geneva;\"><strong>ACAD\u00c9MICOS CORRESPONDIENTES NACIONALES POR ELECCI\u00d3N<\/strong><\/span><\/p>\r\n\r\n<ol>\r\n \t<li>Sr. Antonio Caralps Riera<\/li>\r\n \t<li>Sr. Jos\u00e9 Bonn\u00edn Bonn\u00edn<\/li>\r\n \t<li>Sr. Bartolom\u00e9 Ribas Ozonas<\/li>\r\n \t<li>Sr. Jos\u00e9 A. Curto Card\u00fas<\/li>\r\n \t<li>Sr. Francisco Barcel\u00f3 Gomila<\/li>\r\n \t<li>Sr. Pedro Ventayol Aguil\u00f3<\/li>\r\n \t<li>Sr. Carlos M. Mart\u00ednez-Almoyna Rull\u00e1n<\/li>\r\n \t<li>Sr. Pablo Umbert Millet<\/li>\r\n \t<li>Sr. Gabriel Pons Irazaz\u00e1bal (1994)<\/li>\r\n \t<li>Sr. Miguel Triola Fort (1995)<\/li>\r\n \t<li>Sr. Lorenzo Muntaner Gimbernat (1995)<\/li>\r\n \t<li>Sr. Vicente E. Torres Esbarranch (2000)<\/li>\r\n \t<li>Sr. Lu\u00eds Rojas Marcos (2002)<\/li>\r\n \t<li>Sr. Miquel \u00c0ngel Lim\u00f3n Pons (2003)<\/li>\r\n \t<li>Sr. Vicente Arroyo P\u00e9rez (2004)<\/li>\r\n \t<li>Sr. Jos\u00e9 Lu\u00eds Nieto Amada (2004)<\/li>\r\n \t<li>Sr. Miquel A. Cap\u00f3 Mart\u00ed (2005)<\/li>\r\n \t<li>Sr. Andreu Ripoll Muntaner (2005)<\/li>\r\n \t<li>Sr. Lu\u00eds Villalonga Mart\u00ednez (2006)<\/li>\r\n \t<li>Sr. Jos\u00e9 Antonio Lorente Acosta (2006)<\/li>\r\n \t<li>Sr. Manuel Elices Calafat (2007)<\/li>\r\n \t<li>Sr. \u00c1lvaro Hebrero Oriz (2008)<\/li>\r\n \t<li>Sr. Lu\u00eds Alejandre Sintes (2009)<\/li>\r\n \t<li>Sr. Juan Jos\u00e9 Badiola D\u00edez (2009)<\/li>\r\n \t<li>Sr. Leopoldo Forner Navarro (2010)<\/li>\r\n \t<li>Sr. Miquel Roca Benn\u00e0ssar (2010)<\/li>\r\n \t<li>Sr. Miguel Monserrat Quintana (2011)<\/li>\r\n \t<li>Sr. Jos\u00e9 Javier Guti\u00e9rrez de la Pe\u00f1a (2011)<\/li>\r\n \t<li>Sr. Antoni Gelabert Mas (2012)<\/li>\r\n \t<li>Sr. Joan Llobera C\u00e0naves (2012)<\/li>\r\n \t<li>Sr. Andr\u00e9s Mart\u00ednez-Jover (2013)<\/li>\r\n \t<li>Sra. Te\u00f3fila Vicente Herrero (2013)<\/li>\r\n \t<li>Sr. Guillermo Garc\u00eda Manero (2014)<\/li>\r\n \t<li>Sr. Rafael Fern\u00e1ndez-Delgado Cerd\u00e1 (2015)<\/li>\r\n \t<li>Sr. Miquel C. Aguil\u00f3 Juanola (2015)<\/li>\r\n \t<li>Sr. Antonio Fe Marqu\u00e9s (2016)<\/li>\r\n \t<li>Sra. Mar\u00eda Jos\u00e9 Anad\u00f3n Baselga (2017)<\/li>\r\n \t<li>Sr. Llu\u00eds Quintana Murci (2018)<\/li>\r\n \t<li>Sr. Carlos Ivorra Server (2018)<\/li>\r\n \t<li>Sra. Marta Pulido Mestre (2019)<\/li>\r\n \t<li>Sr. Fernando Rotger Salas (2020)<\/li>\r\n \t<li>Sr. Miquel Bennasar Veny (2020)<\/li>\r\n \t<li>Sr. Jos\u00e9 Ignacio Ram\u00edrez Manent (2021)<\/li>\r\n \t<li>Sr. Pere Salas Vives (2021)<\/li>\r\n \t<li>Sr. Lloren\u00e7 Sastre Moragues (2022)<\/li>\r\n \t<li>Sr. Miquel Pastor Tous (2022)<\/li>\r\n \t<li>Sr. Pedro J. T\u00e1rraga L\u00f3pez (2023)<\/li>\r\n \t<li>Sr. Juan Escalas Taberner (2023)<\/li>\r\n<\/ol>\r\n\r\n<hr \/>\r\n\r\n&nbsp;\r\n<p style=\"text-align: center;\"><span style=\"font-size: 12pt;\"><strong><span style=\"font-family: verdana, geneva;\"><span style=\"font-size: 10.6667px;\">ACAD\u00c9MICOS CORRESPONDIENTES EXTRANJEROS<\/span><\/span><\/strong><\/span><\/p>\r\n<p style=\"text-align: left;\"><span style=\"font-size: 10pt;\"><span style=\"font-family: verdana, geneva;\"><span style=\"font-size: 10.6667px;\">Sr.<\/span><\/span><span style=\"font-family: verdana, geneva;\"><span style=\"font-size: 10.6667px;\"> D. Carlos Dante Heredia Garc\u00eda<\/span><\/span><\/span><\/p>\r\n[\/vc_column_text]<\/div><\/div><div class=\"vc_column td_uid_3_69debc97b29f5_rand  wpb_column vc_column_container tdc-column td-pb-span4\">\n<style scoped>\n\n\/* custom css *\/\n.td_uid_3_69debc97b29f5_rand {\r\n                    vertical-align: baseline;\r\n                }\n<\/style><div class=\"wpb_wrapper\">[vc_text_separator title=&#8221;Men\u00fa Los Acad\u00e9micos&#8221; color=&#8221;orange&#8221; style=&#8221;dotted&#8221;]<div class=\"td_block_wrap td_block_list_menu td_uid_4_69debc97b2b66_rand td-pb-border-top td_block_template_1 widget\"  data-td-block-uid=\"td_uid_4_69debc97b2b66\" ><div class=\"td-block-title-wrap\"><\/div><div id=td_uid_4_69debc97b2b66 class=\"td_block_inner td-fix-index\"><div class=\"menu-els-academics-container\"><ul id=\"menu-els-academics\" class=\"menu\"><li id=\"menu-item-1893\" class=\"menu-item menu-item-type-post_type menu-item-object-page menu-item-1893\"><a href=\"https:\/\/ramib.org\/oficial\/index.php\/juntdirectiv\/\">Junta directiva<\/a><\/li>\n<li id=\"menu-item-1695\" class=\"menu-item menu-item-type-post_type menu-item-object-page menu-item-1695\"><a href=\"https:\/\/ramib.org\/oficial\/index.php\/academicos-de-honor\/\">Acad\u00e8mics d\u00b4honor<\/a><\/li>\n<li id=\"menu-item-1697\" class=\"menu-item menu-item-type-post_type menu-item-object-page menu-item-1697\"><a href=\"https:\/\/ramib.org\/oficial\/index.php\/academics-numeraris\/\">Acad\u00e8mics numeraris<\/a><\/li>\n<li id=\"menu-item-1696\" class=\"menu-item menu-item-type-post_type menu-item-object-page menu-item-1696\"><a href=\"https:\/\/ramib.org\/oficial\/index.php\/academics-corresponents\/\">Acad\u00e8mics corresponents<\/a><\/li>\n<li id=\"menu-item-1699\" class=\"menu-item menu-item-type-post_type menu-item-object-page menu-item-1699\"><a href=\"https:\/\/ramib.org\/oficial\/index.php\/academics-emerits\/\">Acad\u00e8mics Em\u00e8rits<\/a><\/li>\n<\/ul><\/div><\/div><\/div> <!-- .\/block --><\/div><\/div><\/div><\/div>","protected":false},"excerpt":{"rendered":"[vc_text_separator title=\"Acad\u00e9micos Correspondientes\" color=\"orange\" style=\"dotted\"][vc_column_text] ACAD\u00c9MICOS CORRESPONDIENTES NACIONALES POR PREMIO Sr. Ferm\u00edn Palma Rodr\u00edguez Sr. Bartolom\u00e9 Mestre Mestre Sr. Manuel Roig Tar\u00edn Sr. Jaime F. Cifre Sastre Sr. Juan Soler [...]","protected":false},"author":2,"featured_media":0,"parent":0,"menu_order":1,"comment_status":"closed","ping_status":"closed","template":"","meta":{"_monsterinsights_skip_tracking":false,"_monsterinsights_sitenote_active":false,"_monsterinsights_sitenote_note":"","_monsterinsights_sitenote_category":0,"footnotes":""},"_links":{"self":[{"href":"https:\/\/ramib.org\/oficial\/index.php\/wp-json\/wp\/v2\/pages\/107"}],"collection":[{"href":"https:\/\/ramib.org\/oficial\/index.php\/wp-json\/wp\/v2\/pages"}],"about":[{"href":"https:\/\/ramib.org\/oficial\/index.php\/wp-json\/wp\/v2\/types\/page"}],"author":[{"embeddable":true,"href":"https:\/\/ramib.org\/oficial\/index.php\/wp-json\/wp\/v2\/users\/2"}],"replies":[{"embeddable":true,"href":"https:\/\/ramib.org\/oficial\/index.php\/wp-json\/wp\/v2\/comments?post=107"}],"version-history":[{"count":6,"href":"https:\/\/ramib.org\/oficial\/index.php\/wp-json\/wp\/v2\/pages\/107\/revisions"}],"predecessor-version":[{"id":7010,"href":"https:\/\/ramib.org\/oficial\/index.php\/wp-json\/wp\/v2\/pages\/107\/revisions\/7010"}],"wp:attachment":[{"href":"https:\/\/ramib.org\/oficial\/index.php\/wp-json\/wp\/v2\/media?parent=107"}],"curies":[{"name":"wp","href":"https:\/\/api.w.org\/{rel}","templated":true}]}}