{"id":105,"date":"2015-02-13T15:12:51","date_gmt":"2015-02-13T15:12:51","guid":{"rendered":"https:\/\/ramib.org\/oficial\/index.php\/academicos-numerarios\/?lang=es"},"modified":"2026-03-21T17:16:30","modified_gmt":"2026-03-21T17:16:30","slug":"academicos-numerarios","status":"publish","type":"page","link":"https:\/\/ramib.org\/oficial\/index.php\/academicos-numerarios\/?lang=es","title":{"rendered":"Acad\u00e9micos numerarios"},"content":{"rendered":"<div id=\"td_uid_1_69debda580fab\" class=\"tdc-row\"><div class=\"vc_row td_uid_1_69debda580fb6_rand  wpb_row td-pb-row\" >\n<style scoped>\n\n\/* custom css *\/\n.td_uid_1_69debda580fb6_rand {\r\n                    min-height: 0;\r\n                }\n<\/style><div class=\"vc_column td_uid_2_69debda581356_rand  wpb_column vc_column_container tdc-column td-pb-span8\">\n<style scoped>\n\n\/* custom css *\/\n.td_uid_2_69debda581356_rand {\r\n                    vertical-align: baseline;\r\n                }\n<\/style><div class=\"wpb_wrapper\">[vc_text_separator title=&#8221;Acad\u00e9micos numerarios&#8221; color=&#8221;orange&#8221; style=&#8221;dotted&#8221;][vc_column_text]<a href=\"https:\/\/ramib.org\/oficial\/index.php\/2017\/09\/15\/m-i-sra-juana-maria-roman-pinana\/?lang=es\">M.I. Sra. Juana M\u00aa Rom\u00e1n Pi\u00f1ana<\/a>\r\n\r\n<a href=\"https:\/\/ramib.org\/oficial\/index.php\/2017\/11\/03\/m-il-sr-alfonso-ballesteros-fernandez\/?lang=es\">M.I. Sr. Alfonso Ballesteros Fern\u00e1ndez<\/a>\r\n\r\n<a href=\"https:\/\/ramib.org\/oficial\/index.php\/2016\/02\/16\/excm-sr-macia-tomas-salva-cat-2\/?lang=es\">M. I. Sr. Maci\u00e0 Tom\u00e0s Salv\u00e0<\/a>\r\n\r\n<a href=\"https:\/\/ramib.org\/oficial\/index.php\/2017\/11\/03\/m-il-sra-juana-sureda-trujillo\/?lang=es\">M.I. Sra. Juana M\u00aa Sureda Trujillo<\/a>\r\n\r\n<a href=\"https:\/\/ramib.org\/oficial\/index.php\/2017\/11\/03\/m-il-sr-juan-buades-reines\/?lang=es\">M.I. Sr. Juan Buades Rein\u00e9s<\/a>\r\n\r\n<a href=\"https:\/\/ramib.org\/oficial\/index.php\/2018\/10\/24\/m-il-sr-jose-luis-olea-vallejo\/?lang=es\">M.I. Sr. Jos\u00e9 Luis Olea Vallejo<\/a>\r\n\r\n<a href=\"https:\/\/ramib.org\/oficial\/index.php\/2016\/02\/16\/m-i-sr-pere-riutord-sbert-2\/?lang=es\">M.I. Sr. Pere Riutord Sbert<\/a>\r\n\r\n<a href=\"https:\/\/ramib.org\/oficial\/index.php\/2017\/11\/03\/m-il-sr-joan-besalduch-vidal\/?lang=cat\">M. I. Sr. Joan Besalduch Vidal<\/a>\r\n\r\n<a href=\"https:\/\/ramib.org\/oficial\/index.php\/2017\/09\/12\/m-i-sr-felix-grases-freixedas\/\">M. I. Sr. F\u00e8lix Grases Freixedas<\/a>\r\n\r\n<a href=\"https:\/\/ramib.org\/oficial\/index.php\/2017\/09\/24\/m-i-sr-antoni-canellas-trobat\/?lang=es\">M. I. Sr. Antoni Ca\u00f1ellas Trobat<\/a>\r\n\r\n<a href=\"https:\/\/ramib.org\/oficial\/index.php\/2017\/11\/03\/m-il-sr-josep-francesc-forteza-alberti\/?lang=es\">M. I. Sr. Josep Francesc Forteza Albert\u00ed<\/a>\r\n\r\nM.I. Sr. Jordi Ib\u00e1\u00f1ez Juv\u00e9\r\n\r\nM.I. Sr. Joan March Noguera\r\n\r\n<a href=\"https:\/\/ramib.org\/oficial\/index.php\/2016\/10\/14\/m-i-sr-a-arturo-lopez-gonzalez\/?lang=es\">M.I.Sr. A. Arturo L\u00f3pez Gonz\u00e1lez<\/a>\r\n\r\n<a href=\"https:\/\/ramib.org\/oficial\/index.php\/2017\/11\/03\/m-il-sra-pilar-roca-salom\/?lang=es\">M.I.Sra. Maria Pilar Roca Salom<\/a>\r\n\r\n<a href=\"https:\/\/ramib.org\/oficial\/index.php\/2018\/04\/25\/m-il-sr-lluis-masmiquel-comas\/?lang=es\">M.I. Sr. Llu\u00eds Masmiquel Comas<\/a>\r\n\r\nM.I. Sr. Sebasti\u00e0 Cresp\u00ed Rotger\r\n\r\n<a href=\"https:\/\/ramib.org\/oficial\/index.php\/2020\/09\/30\/m-il-ltre-sra-antonia-barcelo-bennasar\/\">M. I. Sra. Ant\u00f2nia Barcel\u00f3 Bennassar<\/a>\r\n\r\n<a href=\"https:\/\/ramib.org\/oficial\/index.php\/2021\/06\/23\/2921\/?lang=es\">M. I. Sr. Javier Garau Alemany<\/a>\r\n\r\n<a href=\"https:\/\/ramib.org\/oficial\/index.php\/2019\/10\/17\/m-il-sr-jordi-reina-prieto\/?lang=es\">M. I. Sr. Jordi Reina Prieto<\/a>\r\n\r\n<a href=\"https:\/\/ramib.org\/oficial\/index.php\/2019\/11\/17\/m-il-sr-joan-maria-benejam-gual\/\">Excm. Sr. Joan M. Benejam Gual<\/a>\r\n\r\n<a href=\"https:\/\/ramib.org\/oficial\/index.php\/2020\/11\/26\/m-il-sr-claudio-mirasso-santos\/\">M. I. Sr. Claudio R. Mirasso Santos<\/a>\r\n\r\n<a href=\"https:\/\/ramib.org\/oficial\/index.php\/2020\/09\/12\/3894\/\">M. I. Sr. Josep Maria Vicens G\u00f3mez<\/a>\r\n\r\nM. I. Sr. Rafael Morales Soriano\r\n\r\n<span style=\"color: #993366;\">ACAD\u00c9MICOS SUPERNUMERARIOS<\/span>\r\n\r\nM. I. Sr. \u00c0lvar Agust\u00ed Garc\u00eda-Navarro\r\n\r\nM. I. Sra. Marta Emma Couce Matovelle[\/vc_column_text]<\/div><\/div><div class=\"vc_column td_uid_3_69debda58141e_rand  wpb_column vc_column_container tdc-column td-pb-span4\">\n<style scoped>\n\n\/* custom css *\/\n.td_uid_3_69debda58141e_rand {\r\n                    vertical-align: baseline;\r\n                }\n<\/style><div class=\"wpb_wrapper\">[vc_text_separator title=&#8221;Men\u00fa Los Acad\u00e9micos&#8221; color=&#8221;orange&#8221; style=&#8221;dotted&#8221;]<div class=\"td_block_wrap td_block_list_menu td_uid_4_69debda5815aa_rand td-pb-border-top td_block_template_1 widget\"  data-td-block-uid=\"td_uid_4_69debda5815aa\" ><div class=\"td-block-title-wrap\"><\/div><div id=td_uid_4_69debda5815aa class=\"td_block_inner td-fix-index\"><div class=\"menu-els-academics-container\"><ul id=\"menu-els-academics\" class=\"menu\"><li id=\"menu-item-1893\" class=\"menu-item menu-item-type-post_type menu-item-object-page menu-item-1893\"><a href=\"https:\/\/ramib.org\/oficial\/index.php\/juntdirectiv\/\">Junta directiva<\/a><\/li>\n<li id=\"menu-item-1695\" class=\"menu-item menu-item-type-post_type menu-item-object-page menu-item-1695\"><a href=\"https:\/\/ramib.org\/oficial\/index.php\/academicos-de-honor\/\">Acad\u00e8mics d\u00b4honor<\/a><\/li>\n<li id=\"menu-item-1697\" class=\"menu-item menu-item-type-post_type menu-item-object-page menu-item-1697\"><a href=\"https:\/\/ramib.org\/oficial\/index.php\/academics-numeraris\/\">Acad\u00e8mics numeraris<\/a><\/li>\n<li id=\"menu-item-1696\" class=\"menu-item menu-item-type-post_type menu-item-object-page menu-item-1696\"><a href=\"https:\/\/ramib.org\/oficial\/index.php\/academics-corresponents\/\">Acad\u00e8mics corresponents<\/a><\/li>\n<li id=\"menu-item-1699\" class=\"menu-item menu-item-type-post_type menu-item-object-page menu-item-1699\"><a href=\"https:\/\/ramib.org\/oficial\/index.php\/academics-emerits\/\">Acad\u00e8mics Em\u00e8rits<\/a><\/li>\n<\/ul><\/div><\/div><\/div> <!-- .\/block --><\/div><\/div><\/div><\/div><div id=\"td_uid_4_69debda584b67\" class=\"tdc-row\"><div class=\"vc_row td_uid_5_69debda584b6d_rand  wpb_row td-pb-row\" >\n<style scoped>\n\n\/* custom css *\/\n.td_uid_5_69debda584b6d_rand {\r\n                    min-height: 0;\r\n                }\n<\/style><div class=\"vc_column td_uid_6_69debda584cba_rand  wpb_column vc_column_container tdc-column td-pb-span12\">\n<style scoped>\n\n\/* custom css *\/\n.td_uid_6_69debda584cba_rand {\r\n                    vertical-align: baseline;\r\n                }\n<\/style><div class=\"wpb_wrapper\"><div class=\"td_block_wrap td_block_11 td_uid_7_69debda5850e7_rand td-pb-border-top td_block_template_1 td-column-3\"  data-td-block-uid=\"td_uid_7_69debda5850e7\" ><script>var block_td_uid_7_69debda5850e7 = new tdBlock();\nblock_td_uid_7_69debda5850e7.id = \"td_uid_7_69debda5850e7\";\nblock_td_uid_7_69debda5850e7.atts = '{\"category_id\":\"30\",\"separator\":\"\",\"custom_title\":\"\",\"custom_url\":\"\",\"block_template_id\":\"\",\"m10_tl\":\"\",\"m10_el\":\"\",\"post_ids\":\"\",\"category_ids\":\"\",\"tag_slug\":\"\",\"autors_id\":\"\",\"installed_post_types\":\"\",\"sort\":\"\",\"limit\":\"5\",\"offset\":\"\",\"show_modified_date\":\"\",\"el_class\":\"\",\"td_ajax_filter_type\":\"\",\"td_ajax_filter_ids\":\"\",\"td_filter_default_txt\":\"All\",\"td_ajax_preloading\":\"\",\"f_header_font_header\":\"\",\"f_header_font_title\":\"Block header\",\"f_header_font_settings\":\"\",\"f_header_font_family\":\"\",\"f_header_font_size\":\"\",\"f_header_font_line_height\":\"\",\"f_header_font_style\":\"\",\"f_header_font_weight\":\"\",\"f_header_font_transform\":\"\",\"f_header_font_spacing\":\"\",\"f_header_\":\"\",\"f_ajax_font_title\":\"Ajax categories\",\"f_ajax_font_settings\":\"\",\"f_ajax_font_family\":\"\",\"f_ajax_font_size\":\"\",\"f_ajax_font_line_height\":\"\",\"f_ajax_font_style\":\"\",\"f_ajax_font_weight\":\"\",\"f_ajax_font_transform\":\"\",\"f_ajax_font_spacing\":\"\",\"f_ajax_\":\"\",\"f_more_font_title\":\"Load more button\",\"f_more_font_settings\":\"\",\"f_more_font_family\":\"\",\"f_more_font_size\":\"\",\"f_more_font_line_height\":\"\",\"f_more_font_style\":\"\",\"f_more_font_weight\":\"\",\"f_more_font_transform\":\"\",\"f_more_font_spacing\":\"\",\"f_more_\":\"\",\"m10f_title_font_header\":\"\",\"m10f_title_font_title\":\"Article title\",\"m10f_title_font_settings\":\"\",\"m10f_title_font_family\":\"\",\"m10f_title_font_size\":\"\",\"m10f_title_font_line_height\":\"\",\"m10f_title_font_style\":\"\",\"m10f_title_font_weight\":\"\",\"m10f_title_font_transform\":\"\",\"m10f_title_font_spacing\":\"\",\"m10f_title_\":\"\",\"m10f_cat_font_title\":\"Article category tag\",\"m10f_cat_font_settings\":\"\",\"m10f_cat_font_family\":\"\",\"m10f_cat_font_size\":\"\",\"m10f_cat_font_line_height\":\"\",\"m10f_cat_font_style\":\"\",\"m10f_cat_font_weight\":\"\",\"m10f_cat_font_transform\":\"\",\"m10f_cat_font_spacing\":\"\",\"m10f_cat_\":\"\",\"m10f_meta_font_title\":\"Article meta info\",\"m10f_meta_font_settings\":\"\",\"m10f_meta_font_family\":\"\",\"m10f_meta_font_size\":\"\",\"m10f_meta_font_line_height\":\"\",\"m10f_meta_font_style\":\"\",\"m10f_meta_font_weight\":\"\",\"m10f_meta_font_transform\":\"\",\"m10f_meta_font_spacing\":\"\",\"m10f_meta_\":\"\",\"m10f_ex_font_title\":\"Article excerpt\",\"m10f_ex_font_settings\":\"\",\"m10f_ex_font_family\":\"\",\"m10f_ex_font_size\":\"\",\"m10f_ex_font_line_height\":\"\",\"m10f_ex_font_style\":\"\",\"m10f_ex_font_weight\":\"\",\"m10f_ex_font_transform\":\"\",\"m10f_ex_font_spacing\":\"\",\"m10f_ex_\":\"\",\"ajax_pagination\":\"\",\"ajax_pagination_infinite_stop\":\"\",\"css\":\"\",\"tdc_css\":\"\",\"td_column_number\":3,\"header_color\":\"\",\"color_preset\":\"\",\"border_top\":\"\",\"class\":\"td_uid_7_69debda5850e7_rand\",\"tdc_css_class\":\"td_uid_7_69debda5850e7_rand\",\"tdc_css_class_style\":\"td_uid_7_69debda5850e7_rand_style\"}';\nblock_td_uid_7_69debda5850e7.td_column_number = \"3\";\nblock_td_uid_7_69debda5850e7.block_type = \"td_block_11\";\nblock_td_uid_7_69debda5850e7.post_count = \"2\";\nblock_td_uid_7_69debda5850e7.found_posts = \"2\";\nblock_td_uid_7_69debda5850e7.header_color = \"\";\nblock_td_uid_7_69debda5850e7.ajax_pagination_infinite_stop = \"\";\nblock_td_uid_7_69debda5850e7.max_num_pages = \"1\";\ntdBlocksArray.push(block_td_uid_7_69debda5850e7);\n<\/script><div class=\"td-block-title-wrap\"><\/div><div id=td_uid_7_69debda5850e7 class=\"td_block_inner\">\n\n\t<div class=\"td-block-span12\">\n\r\n        <div class=\"td_module_10 td_module_wrap td-animation-stack\">\r\n            <div class=\"td-module-thumb\"><a href=\"https:\/\/ramib.org\/oficial\/index.php\/2017\/11\/03\/m-il-sr-joan-besalduch-vidal\/\" rel=\"bookmark\" class=\"td-image-wrap\" title=\"M. Il. Sr. Joan Besalduch Vidal\"><img loading=\"lazy\" decoding=\"async\" width=\"218\" height=\"150\" class=\"entry-thumb\" src=\"https:\/\/ramib.org\/oficial\/wp-content\/uploads\/2019\/09\/vidal-218x150.jpg\"  srcset=\"https:\/\/ramib.org\/oficial\/wp-content\/uploads\/2019\/09\/vidal-218x150.jpg 218w, https:\/\/ramib.org\/oficial\/wp-content\/uploads\/2019\/09\/vidal-100x70.jpg 100w\" sizes=\"(max-width: 218px) 100vw, 218px\"  alt=\"\" title=\"M. Il. Sr. Joan Besalduch Vidal\" \/><\/a><\/div>\r\n            <div class=\"item-details\">\r\n            <h3 class=\"entry-title td-module-title\"><a href=\"https:\/\/ramib.org\/oficial\/index.php\/2017\/11\/03\/m-il-sr-joan-besalduch-vidal\/\" rel=\"bookmark\" title=\"M. Il. Sr. Joan Besalduch Vidal\">M. Il. Sr. Joan Besalduch Vidal<\/a><\/h3>\r\n                <div class=\"td-module-meta-info\">\r\n                                            <span class=\"td-post-author-name\"><a href=\"https:\/\/ramib.org\/oficial\/index.php\/author\/ad_dramib\/\">RAMIB<\/a> <span>-<\/span> <\/span>                        <span class=\"td-post-date\"><time class=\"entry-date updated td-module-date\" datetime=\"2017-11-03T10:28:00+00:00\" >novembre 3, 2017<\/time><\/span>                        <div class=\"td-module-comments\"><a href=\"https:\/\/ramib.org\/oficial\/index.php\/2017\/11\/03\/m-il-sr-joan-besalduch-vidal\/#respond\">0<\/a><\/div>                <\/div>\r\n\r\n                <div class=\"td-excerpt\">\r\n                    \nCURRICULUM VITAE\n\n\n\nJUAN BESALDUCH VIDAL\n\n\n\nNacido en Palma de Mallorca 14 JUN 1950\n\n\n                <\/div>\r\n            <\/div>\r\n\r\n        <\/div>\r\n\r\n        \n\t<\/div> <!-- .\/td-block-span12 -->\n\n\t<div class=\"td-block-span12\">\n\r\n        <div class=\"td_module_10 td_module_wrap td-animation-stack\">\r\n            <div class=\"td-module-thumb\"><a href=\"https:\/\/ramib.org\/oficial\/index.php\/2016\/02\/16\/m-i-sr-pere-riutord-sbert-2\/\" rel=\"bookmark\" class=\"td-image-wrap\" title=\"M.I. Sr. Pere Riutord Sbert\"><img loading=\"lazy\" decoding=\"async\" width=\"218\" height=\"150\" class=\"entry-thumb\" src=\"https:\/\/ramib.org\/oficial\/wp-content\/uploads\/2019\/09\/sbert-218x150.jpg\"  srcset=\"https:\/\/ramib.org\/oficial\/wp-content\/uploads\/2019\/09\/sbert-218x150.jpg 218w, https:\/\/ramib.org\/oficial\/wp-content\/uploads\/2019\/09\/sbert-100x70.jpg 100w\" sizes=\"(max-width: 218px) 100vw, 218px\"  alt=\"\" title=\"M.I. Sr. Pere Riutord Sbert\" \/><\/a><\/div>\r\n            <div class=\"item-details\">\r\n            <h3 class=\"entry-title td-module-title\"><a href=\"https:\/\/ramib.org\/oficial\/index.php\/2016\/02\/16\/m-i-sr-pere-riutord-sbert-2\/\" rel=\"bookmark\" title=\"M.I. Sr. Pere Riutord Sbert\">M.I. Sr. Pere Riutord Sbert<\/a><\/h3>\r\n                <div class=\"td-module-meta-info\">\r\n                                            <span class=\"td-post-author-name\"><a href=\"https:\/\/ramib.org\/oficial\/index.php\/author\/fdjefjiewfn329048923\/\">RAMIB<\/a> <span>-<\/span> <\/span>                        <span class=\"td-post-date\"><time class=\"entry-date updated td-module-date\" datetime=\"2016-02-16T16:06:47+00:00\" >febrer 16, 2016<\/time><\/span>                        <div class=\"td-module-comments\"><a href=\"https:\/\/ramib.org\/oficial\/index.php\/2016\/02\/16\/m-i-sr-pere-riutord-sbert-2\/#respond\">0<\/a><\/div>                <\/div>\r\n\r\n                <div class=\"td-excerpt\">\r\n                    \nPERE RIUTORD SBERT(Felanitx 1960)\n\n\n\nTitulacions Acad\u00e8miquesDoctor en Medicina i Cirurgia, metge especialista en Estomatologia i postgraduat en Ortod\u00f2ncia, Endod\u00f2ncia...                <\/div>\r\n            <\/div>\r\n\r\n        <\/div>\r\n\r\n        \n\t<\/div> <!-- .\/td-block-span12 --><\/div><\/div> <!-- .\/block --><\/div><\/div><\/div><\/div>","protected":false},"excerpt":{"rendered":"[vc_text_separator title=\"Acad\u00e9micos numerarios\" color=\"orange\" style=\"dotted\"][vc_column_text]M.I. Sra. Juana M\u00aa Rom\u00e1n Pi\u00f1ana M.I. Sr. Alfonso Ballesteros Fern\u00e1ndez M. I. Sr. Maci\u00e0 Tom\u00e0s Salv\u00e0 M.I. Sra. Juana M\u00aa Sureda Trujillo M.I. Sr. Juan [...]","protected":false},"author":2,"featured_media":0,"parent":0,"menu_order":5,"comment_status":"closed","ping_status":"closed","template":"","meta":{"_monsterinsights_skip_tracking":false,"_monsterinsights_sitenote_active":false,"_monsterinsights_sitenote_note":"","_monsterinsights_sitenote_category":0,"footnotes":""},"_links":{"self":[{"href":"https:\/\/ramib.org\/oficial\/index.php\/wp-json\/wp\/v2\/pages\/105"}],"collection":[{"href":"https:\/\/ramib.org\/oficial\/index.php\/wp-json\/wp\/v2\/pages"}],"about":[{"href":"https:\/\/ramib.org\/oficial\/index.php\/wp-json\/wp\/v2\/types\/page"}],"author":[{"embeddable":true,"href":"https:\/\/ramib.org\/oficial\/index.php\/wp-json\/wp\/v2\/users\/2"}],"replies":[{"embeddable":true,"href":"https:\/\/ramib.org\/oficial\/index.php\/wp-json\/wp\/v2\/comments?post=105"}],"version-history":[{"count":24,"href":"https:\/\/ramib.org\/oficial\/index.php\/wp-json\/wp\/v2\/pages\/105\/revisions"}],"predecessor-version":[{"id":7190,"href":"https:\/\/ramib.org\/oficial\/index.php\/wp-json\/wp\/v2\/pages\/105\/revisions\/7190"}],"wp:attachment":[{"href":"https:\/\/ramib.org\/oficial\/index.php\/wp-json\/wp\/v2\/media?parent=105"}],"curies":[{"name":"wp","href":"https:\/\/api.w.org\/{rel}","templated":true}]}}