{"id":104,"date":"2015-02-13T15:10:48","date_gmt":"2015-02-13T15:10:48","guid":{"rendered":"https:\/\/ramib.org\/oficial\/index.php\/academics-numeraris\/"},"modified":"2026-03-21T17:15:46","modified_gmt":"2026-03-21T17:15:46","slug":"academics-numeraris","status":"publish","type":"page","link":"https:\/\/ramib.org\/oficial\/index.php\/academics-numeraris\/","title":{"rendered":"Acad\u00e8mics numeraris"},"content":{"rendered":"<div id=\"td_uid_1_69ded0d1b3d3f\" class=\"tdc-row\"><div class=\"vc_row td_uid_1_69ded0d1b3d4a_rand  wpb_row td-pb-row\" >\n<style scoped>\n\n\/* custom css *\/\n.td_uid_1_69ded0d1b3d4a_rand {\r\n                    min-height: 0;\r\n                }\n<\/style><div class=\"vc_column td_uid_2_69ded0d1b40a0_rand  wpb_column vc_column_container tdc-column td-pb-span8\">\n<style scoped>\n\n\/* custom css *\/\n.td_uid_2_69ded0d1b40a0_rand {\r\n                    vertical-align: baseline;\r\n                }\n<\/style><div class=\"wpb_wrapper\">[vc_text_separator title=&#8221;Acad\u00e8mics numeraris&#8221; color=&#8221;orange&#8221; style=&#8221;dotted&#8221;][vc_column_text]<a href=\"https:\/\/ramib.org\/oficial\/index.php\/2017\/09\/15\/m-i-sra-juana-maria-roman-pinana\/?lang=es\">M.I. Sra. Juana M\u00aa Rom\u00e1n Pi\u00f1ana<\/a>\r\n\r\n<a href=\"https:\/\/ramib.org\/oficial\/index.php\/2017\/11\/03\/m-il-sr-alfonso-ballesteros-fernandez\/?lang=es\">M.I. Sr. Alfonso Ballesteros Fern\u00e1ndez<\/a>\r\n\r\n<a href=\"https:\/\/ramib.org\/oficial\/index.php\/2016\/02\/16\/excm-sr-macia-tomas-salva-cat-2\/?lang=es\">M Il. Sr. Maci\u00e0 Tom\u00e0s Salv\u00e0<\/a>\r\n\r\n<a href=\"https:\/\/ramib.org\/oficial\/index.php\/2017\/11\/03\/m-il-sra-juana-sureda-trujillo\/?lang=es\">M.I. Sra. Juana M\u00aa Sureda Trujillo<\/a>\r\n\r\n<a href=\"https:\/\/ramib.org\/oficial\/index.php\/2017\/11\/03\/m-il-sr-juan-buades-reines\/?lang=es\">M.I. Sr. Juan Buades Rein\u00e9s<\/a>\r\n\r\n<a href=\"https:\/\/ramib.org\/oficial\/index.php\/2018\/10\/24\/m-il-sr-jose-luis-olea-vallejo\/?lang=es\">M.I. Sr. Jos\u00e9 Luis Olea Vallejo<\/a>\r\n\r\n<a href=\"https:\/\/ramib.org\/oficial\/index.php\/2016\/02\/16\/m-i-sr-pere-riutord-sbert-2\/?lang=es\">M.I. Sr. Pere Riutord Sbert<\/a>\r\n\r\n<a href=\"https:\/\/ramib.org\/oficial\/index.php\/2017\/11\/03\/m-il-sr-joan-besalduch-vidal\/?lang=cat\">M. I. Sr. Joan Besalduch Vidal<\/a>\r\n\r\n<a href=\"https:\/\/ramib.org\/oficial\/index.php\/2017\/09\/12\/m-i-sr-felix-grases-freixedas\/\">M. I. Sr. F\u00e8lix Grases Freixedas<\/a>\r\n\r\n<a href=\"https:\/\/ramib.org\/oficial\/index.php\/2017\/09\/24\/m-i-sr-antoni-canellas-trobat\/?lang=es\">M. I. Sr. Antoni Ca\u00f1ellas Trobat<\/a>\r\n\r\n<a href=\"https:\/\/ramib.org\/oficial\/index.php\/2017\/11\/03\/m-il-sr-josep-francesc-forteza-alberti\/?lang=es\">M. I. Sr. Josep Francesc Forteza Albert\u00ed<\/a>\r\n\r\nM.I. Sr. Jordi Ib\u00e1\u00f1ez Juv\u00e9\r\n\r\nM.I. Sr. Joan March Noguera\r\n\r\n<a href=\"https:\/\/ramib.org\/oficial\/index.php\/2016\/10\/14\/m-i-sr-a-arturo-lopez-gonzalez\/?lang=es\">M.I.Sr. A. Arturo L\u00f3pez Gonz\u00e1lez<\/a>\r\n\r\n<a href=\"https:\/\/ramib.org\/oficial\/index.php\/2017\/11\/03\/m-il-sra-pilar-roca-salom\/?lang=es\">M.I.Sra. Maria Pilar Roca Salom<\/a>\r\n\r\n<a href=\"https:\/\/ramib.org\/oficial\/index.php\/2018\/04\/25\/m-il-sr-lluis-masmiquel-comas\/?lang=es\">M.I. Sr. Llu\u00eds Masmiquel Comas<\/a>\r\n\r\nM.I. Sr. Sebasti\u00e0 Cresp\u00ed Rotger\r\n\r\n<a href=\"https:\/\/ramib.org\/oficial\/index.php\/2020\/09\/30\/m-il-ltre-sra-antonia-barcelo-bennasar\/\">M. I. Sra. Ant\u00f2nia Barcel\u00f3 Bennassar<\/a>\r\n\r\n<a href=\"https:\/\/ramib.org\/oficial\/index.php\/2021\/06\/23\/2921\/?lang=es\">M. I. Sr. Javier Garau Alemany<\/a>\r\n\r\n<a href=\"https:\/\/ramib.org\/oficial\/index.php\/2019\/10\/17\/m-il-sr-jordi-reina-prieto\/?lang=es\">M. I. Sr. Jordi Reina Prieto<\/a>\r\n\r\n<a href=\"https:\/\/ramib.org\/oficial\/index.php\/2019\/11\/17\/m-il-sr-joan-maria-benejam-gual\/\">Excm. Sr. Joan M. Benejam Gual<\/a>\r\n\r\n<a href=\"https:\/\/ramib.org\/oficial\/index.php\/2020\/11\/26\/m-il-sr-claudio-mirasso-santos\/\">M. I. Sr. Claudio R. Mirasso Santos<\/a>\r\n\r\n<a href=\"https:\/\/ramib.org\/oficial\/index.php\/2020\/09\/12\/3894\/\">M. I. Sr. Josep Maria Vicens G\u00f3mez<\/a>\r\n\r\nM. I. Sr. Rafael Morales Soriano\r\n\r\n<a href=\"https:\/\/ramib.org\/oficial\/index.php\/2026\/02\/18\/m-i-sr-antonio-pareja-bezares\/\">M. I. Sr. Antonio Pareja Bezares<\/a>\r\n\r\n<span style=\"color: #993366;\">ACAD\u00c8MICS SUPERNUMERARIS<\/span>\r\n\r\nM. Il. Sr. \u00c0lvar Agust\u00ed Garc\u00eda-Navarro\r\n\r\nM. Il. Sra. Marta Emma Couce Matovelle[\/vc_column_text]<\/div><\/div><div class=\"vc_column td_uid_3_69ded0d1b4133_rand  wpb_column vc_column_container tdc-column td-pb-span4\">\n<style scoped>\n\n\/* custom css *\/\n.td_uid_3_69ded0d1b4133_rand {\r\n                    vertical-align: baseline;\r\n                }\n<\/style><div class=\"wpb_wrapper\">[vc_text_separator title=&#8221;Men\u00fa Els Acad\u00e8mics&#8221; color=&#8221;orange&#8221; style=&#8221;dotted&#8221;]<div class=\"td_block_wrap td_block_list_menu td_uid_4_69ded0d1b42a6_rand td-pb-border-top td_block_template_1 widget\"  data-td-block-uid=\"td_uid_4_69ded0d1b42a6\" ><div class=\"td-block-title-wrap\"><\/div><div id=td_uid_4_69ded0d1b42a6 class=\"td_block_inner td-fix-index\"><div class=\"menu-els-academics-container\"><ul id=\"menu-els-academics\" class=\"menu\"><li id=\"menu-item-1893\" class=\"menu-item menu-item-type-post_type menu-item-object-page menu-item-1893\"><a href=\"https:\/\/ramib.org\/oficial\/index.php\/juntdirectiv\/\">Junta directiva<\/a><\/li>\n<li id=\"menu-item-1695\" class=\"menu-item menu-item-type-post_type menu-item-object-page menu-item-1695\"><a href=\"https:\/\/ramib.org\/oficial\/index.php\/academicos-de-honor\/\">Acad\u00e8mics d\u00b4honor<\/a><\/li>\n<li id=\"menu-item-1697\" class=\"menu-item menu-item-type-post_type menu-item-object-page menu-item-1697\"><a href=\"https:\/\/ramib.org\/oficial\/index.php\/academics-numeraris\/\">Acad\u00e8mics numeraris<\/a><\/li>\n<li id=\"menu-item-1696\" class=\"menu-item menu-item-type-post_type menu-item-object-page menu-item-1696\"><a href=\"https:\/\/ramib.org\/oficial\/index.php\/academics-corresponents\/\">Acad\u00e8mics corresponents<\/a><\/li>\n<li id=\"menu-item-1699\" class=\"menu-item menu-item-type-post_type menu-item-object-page menu-item-1699\"><a href=\"https:\/\/ramib.org\/oficial\/index.php\/academics-emerits\/\">Acad\u00e8mics Em\u00e8rits<\/a><\/li>\n<\/ul><\/div><\/div><\/div> <!-- .\/block --><\/div><\/div><\/div><\/div><div id=\"td_uid_4_69ded0d1ba021\" class=\"tdc-row\"><div class=\"vc_row td_uid_5_69ded0d1ba029_rand  wpb_row td-pb-row\" >\n<style scoped>\n\n\/* custom css *\/\n.td_uid_5_69ded0d1ba029_rand {\r\n                    min-height: 0;\r\n                }\n<\/style><div class=\"vc_column td_uid_6_69ded0d1ba1de_rand  wpb_column vc_column_container tdc-column td-pb-span12\">\n<style scoped>\n\n\/* custom css *\/\n.td_uid_6_69ded0d1ba1de_rand {\r\n                    vertical-align: baseline;\r\n                }\n<\/style><div class=\"wpb_wrapper\"><\/div><\/div><\/div><\/div>","protected":false},"excerpt":{"rendered":"[vc_text_separator title=\"Acad\u00e8mics numeraris\" color=\"orange\" style=\"dotted\"][vc_column_text]M.I. Sra. Juana M\u00aa Rom\u00e1n Pi\u00f1ana M.I. Sr. Alfonso Ballesteros Fern\u00e1ndez M Il. Sr. Maci\u00e0 Tom\u00e0s Salv\u00e0 M.I. Sra. Juana M\u00aa Sureda Trujillo M.I. Sr. Juan [...]","protected":false},"author":2,"featured_media":0,"parent":0,"menu_order":5,"comment_status":"closed","ping_status":"closed","template":"","meta":{"_monsterinsights_skip_tracking":false,"_monsterinsights_sitenote_active":false,"_monsterinsights_sitenote_note":"","_monsterinsights_sitenote_category":0,"footnotes":""},"_links":{"self":[{"href":"https:\/\/ramib.org\/oficial\/index.php\/wp-json\/wp\/v2\/pages\/104"}],"collection":[{"href":"https:\/\/ramib.org\/oficial\/index.php\/wp-json\/wp\/v2\/pages"}],"about":[{"href":"https:\/\/ramib.org\/oficial\/index.php\/wp-json\/wp\/v2\/types\/page"}],"author":[{"embeddable":true,"href":"https:\/\/ramib.org\/oficial\/index.php\/wp-json\/wp\/v2\/users\/2"}],"replies":[{"embeddable":true,"href":"https:\/\/ramib.org\/oficial\/index.php\/wp-json\/wp\/v2\/comments?post=104"}],"version-history":[{"count":25,"href":"https:\/\/ramib.org\/oficial\/index.php\/wp-json\/wp\/v2\/pages\/104\/revisions"}],"predecessor-version":[{"id":7189,"href":"https:\/\/ramib.org\/oficial\/index.php\/wp-json\/wp\/v2\/pages\/104\/revisions\/7189"}],"wp:attachment":[{"href":"https:\/\/ramib.org\/oficial\/index.php\/wp-json\/wp\/v2\/media?parent=104"}],"curies":[{"name":"wp","href":"https:\/\/api.w.org\/{rel}","templated":true}]}}