{"id":1039,"date":"2019-08-09T12:58:03","date_gmt":"2019-08-09T12:58:03","guid":{"rendered":"https:\/\/ramib.org\/oficial\/index.php\/inici\/"},"modified":"2026-02-23T20:25:01","modified_gmt":"2026-02-23T20:25:01","slug":"inici-2","status":"publish","type":"page","link":"https:\/\/ramib.org\/oficial\/index.php\/inici-2\/?lang=es","title":{"rendered":"Inicio"},"content":{"rendered":"<div id=\"td_uid_1_69f88ba9dc436\" class=\"tdc-row\"><div class=\"vc_row td_uid_1_69f88ba9dc43e_rand  wpb_row td-pb-row\" >\n<style scoped>\n\n\/* custom css *\/\n.td_uid_1_69f88ba9dc43e_rand {\r\n                    min-height: 0;\r\n                }\n<\/style><div class=\"vc_column td_uid_2_69f88ba9dc72a_rand  wpb_column vc_column_container tdc-column td-pb-span12\">\n<style scoped>\n\n\/* custom css *\/\n.td_uid_2_69f88ba9dc72a_rand {\r\n                    vertical-align: baseline;\r\n                }\n<\/style><div class=\"wpb_wrapper\"><div class=\"td_block_wrap td_block_big_grid_2 td_uid_4_69f88ba9e0fc3_rand td-grid-style-1 td-hover-1 td-big-grids td-pb-border-top td_block_template_1\"  data-td-block-uid=\"td_uid_4_69f88ba9e0fc3\" ><div id=td_uid_4_69f88ba9e0fc3 class=\"td_block_inner\"><div class=\"td-big-grid-wrapper\">\r\n        <div class=\"td_module_mx9 td-animation-stack td-big-grid-post-0 td-big-grid-post td-big-thumb\">\r\n            <div class=\"td-module-thumb\"><a href=\"https:\/\/ramib.org\/oficial\/index.php\/2026\/04\/29\/7291\/\" rel=\"bookmark\" class=\"td-image-wrap\" title=\"\"><img loading=\"lazy\" decoding=\"async\" width=\"741\" height=\"486\" class=\"entry-thumb\" src=\"https:\/\/ramib.org\/oficial\/wp-content\/uploads\/2026\/04\/image3-741x486.png\"   alt=\"\" title=\"\" \/><\/a><\/div>            <div class=\"td-meta-info-container\">\r\n                <div class=\"td-meta-align\">\r\n                    <div class=\"td-big-grid-meta\">\r\n                                                <h3 class=\"entry-title td-module-title\"><a href=\"https:\/\/ramib.org\/oficial\/index.php\/2026\/04\/29\/7291\/\" rel=\"bookmark\" title=\"\"><\/a><\/h3>                    <\/div>\r\n                    <div class=\"td-module-meta-info\">\r\n                        <span class=\"td-post-author-name\"><a href=\"https:\/\/ramib.org\/oficial\/index.php\/author\/ad_dramib\/\">RAMIB<\/a> <span>-<\/span> <\/span>                        <span class=\"td-post-date\"><time class=\"entry-date updated td-module-date\" datetime=\"2026-04-29T19:15:41+00:00\" >abril 29, 2026<\/time><\/span>                    <\/div>\r\n                <\/div>\r\n            <\/div>\r\n\r\n        <\/div>\r\n\r\n        <div class=\"td-big-grid-scroll\">\r\n        <div class=\"td_module_mx10 td-animation-stack td-big-grid-post-1 td-big-grid-post td-small-thumb\">\r\n            <div class=\"td-module-thumb\"><a href=\"https:\/\/ramib.org\/oficial\/index.php\/2026\/04\/29\/sindrome-de-ehlers-danlos-revision-clinica-y-genetica\/\" rel=\"bookmark\" class=\"td-image-wrap\" title=\"S\u00edndrome de Ehlers-Danlos: Revisi\u00f3 cl\u00ednica i gen\u00e8tica\"><img loading=\"lazy\" decoding=\"async\" width=\"324\" height=\"160\" class=\"entry-thumb\" src=\"https:\/\/ramib.org\/oficial\/wp-content\/uploads\/2026\/04\/Gemini_Generated_Image_b78jyrb78jyrb78j-324x160.png\"  srcset=\"https:\/\/ramib.org\/oficial\/wp-content\/uploads\/2026\/04\/Gemini_Generated_Image_b78jyrb78jyrb78j-324x160.png 324w, https:\/\/ramib.org\/oficial\/wp-content\/uploads\/2026\/04\/Gemini_Generated_Image_b78jyrb78jyrb78j-533x261.png 533w\" sizes=\"(max-width: 324px) 100vw, 324px\"  alt=\"\" title=\"S\u00edndrome de Ehlers-Danlos: Revisi\u00f3 cl\u00ednica i gen\u00e8tica\" \/><\/a><\/div>            <div class=\"td-meta-info-container\">\r\n                <div class=\"td-meta-align\">\r\n                    <div class=\"td-big-grid-meta\">\r\n                                                <h3 class=\"entry-title td-module-title\"><a href=\"https:\/\/ramib.org\/oficial\/index.php\/2026\/04\/29\/sindrome-de-ehlers-danlos-revision-clinica-y-genetica\/\" rel=\"bookmark\" title=\"S\u00edndrome de Ehlers-Danlos: Revisi\u00f3 cl\u00ednica i gen\u00e8tica\">S\u00edndrome de Ehlers-Danlos: Revisi\u00f3 cl\u00ednica i gen\u00e8tica<\/a><\/h3>                    <\/div>\r\n                <\/div>\r\n            <\/div>\r\n\r\n        <\/div>\r\n\r\n        \r\n        <div class=\"td_module_mx10 td-animation-stack td-big-grid-post-2 td-big-grid-post td-small-thumb\">\r\n            <div class=\"td-module-thumb\"><a href=\"https:\/\/ramib.org\/oficial\/index.php\/2026\/04\/06\/7242\/\" rel=\"bookmark\" class=\"td-image-wrap\" title=\"14\/04\/2026: Sine Dolore se vive mejor\"><img loading=\"lazy\" decoding=\"async\" width=\"324\" height=\"160\" class=\"entry-thumb\" src=\"https:\/\/ramib.org\/oficial\/wp-content\/uploads\/2026\/04\/moya-portada-324x160.jpg\"  srcset=\"https:\/\/ramib.org\/oficial\/wp-content\/uploads\/2026\/04\/moya-portada-324x160.jpg 324w, https:\/\/ramib.org\/oficial\/wp-content\/uploads\/2026\/04\/moya-portada-533x261.jpg 533w\" sizes=\"(max-width: 324px) 100vw, 324px\"  alt=\"\" title=\"14\/04\/2026: Sine Dolore se vive mejor\" \/><\/a><\/div>            <div class=\"td-meta-info-container\">\r\n                <div class=\"td-meta-align\">\r\n                    <div class=\"td-big-grid-meta\">\r\n                                                <h3 class=\"entry-title td-module-title\"><a href=\"https:\/\/ramib.org\/oficial\/index.php\/2026\/04\/06\/7242\/\" rel=\"bookmark\" title=\"14\/04\/2026: Sine Dolore se vive mejor\">14\/04\/2026: Sine Dolore se vive mejor<\/a><\/h3>                    <\/div>\r\n                <\/div>\r\n            <\/div>\r\n\r\n        <\/div>\r\n\r\n        \r\n        <div class=\"td_module_mx10 td-animation-stack td-big-grid-post-3 td-big-grid-post td-small-thumb\">\r\n            <div class=\"td-module-thumb\"><a href=\"https:\/\/ramib.org\/oficial\/index.php\/2026\/04\/06\/els-nous-injectables-contra-lobesitat-eficacia-riscos-i-us-adequat\/\" rel=\"bookmark\" class=\"td-image-wrap\" title=\"\"><img loading=\"lazy\" decoding=\"async\" width=\"324\" height=\"160\" class=\"entry-thumb\" src=\"https:\/\/ramib.org\/oficial\/wp-content\/uploads\/2026\/04\/portada-obesidad-catalan-1-324x160.jpg\"  srcset=\"https:\/\/ramib.org\/oficial\/wp-content\/uploads\/2026\/04\/portada-obesidad-catalan-1-324x160.jpg 324w, https:\/\/ramib.org\/oficial\/wp-content\/uploads\/2026\/04\/portada-obesidad-catalan-1-533x261.jpg 533w\" sizes=\"(max-width: 324px) 100vw, 324px\"  alt=\"\" title=\"\" \/><\/a><\/div>            <div class=\"td-meta-info-container\">\r\n                <div class=\"td-meta-align\">\r\n                    <div class=\"td-big-grid-meta\">\r\n                                                <h3 class=\"entry-title td-module-title\"><a href=\"https:\/\/ramib.org\/oficial\/index.php\/2026\/04\/06\/els-nous-injectables-contra-lobesitat-eficacia-riscos-i-us-adequat\/\" rel=\"bookmark\" title=\"\"><\/a><\/h3>                    <\/div>\r\n                <\/div>\r\n            <\/div>\r\n\r\n        <\/div>\r\n\r\n        <\/div><\/div><div class=\"clearfix\"><\/div><\/div><\/div> <!-- .\/block --><\/div><\/div><\/div><\/div><div id=\"td_uid_3_69f88ba9e3860\" class=\"tdc-row\"><div class=\"vc_row td_uid_5_69f88ba9e3875_rand  wpb_row td-pb-row\" >\n<style scoped>\n\n\/* custom css *\/\n.td_uid_5_69f88ba9e3875_rand {\r\n                    min-height: 0;\r\n                }\n<\/style><div class=\"vc_column td_uid_6_69f88ba9e3a8a_rand  wpb_column vc_column_container tdc-column td-pb-span12\">\n<style scoped>\n\n\/* custom css *\/\n.td_uid_6_69f88ba9e3a8a_rand {\r\n                    vertical-align: baseline;\r\n                }\n<\/style><div class=\"wpb_wrapper\">[vc_text_separator title=&#8221;DESTACAMOS&#8221; i_icon_fontawesome=&#8221;fa fa-heartbeat&#8221; color=&#8221;sandy_brown&#8221; style=&#8221;dotted&#8221; add_icon=&#8221;true&#8221;]<div class=\"vc_row_inner td_uid_7_69f88ba9e3ba5_rand  vc_row vc_inner wpb_row td-pb-row\" >\n<style scoped>\n\n\/* custom css *\/\n.td_uid_7_69f88ba9e3ba5_rand {\r\n                    position: relative !important;\r\n                    top: 0;\r\n                    transform: none;\r\n                    -webkit-transform: none;\r\n                }\n<\/style><div class=\"vc_column_inner td_uid_8_69f88ba9e3d3e_rand  wpb_column vc_column_container tdc-inner-column td-pb-span3\">\n<style scoped>\n\n\/* custom css *\/\n.td_uid_8_69f88ba9e3d3e_rand {\r\n                    vertical-align: baseline;\r\n                }\n<\/style><div class=\"vc_column-inner\"><div class=\"wpb_wrapper\">[vc_single_image image=&#8221;5817&#8243; img_size=&#8221;280&#215;258&#8243; style=&#8221;vc_box_border&#8221; onclick=&#8221;custom_link&#8221; css_animation=&#8221;bounceInLeft&#8221; link=&#8221;https:\/\/ramib.org\/oficial\/index.php\/events\/&#8221;]<\/div><\/div><\/div><div class=\"vc_column_inner td_uid_9_69f88ba9e3df5_rand  wpb_column vc_column_container tdc-inner-column td-pb-span3\">\n<style scoped>\n\n\/* custom css *\/\n.td_uid_9_69f88ba9e3df5_rand {\r\n                    vertical-align: baseline;\r\n                }\n<\/style><div class=\"vc_column-inner\"><div class=\"wpb_wrapper\">[vc_single_image image=&#8221;2650&#8243; img_size=&#8221;280&#215;258&#8243; alignment=&#8221;center&#8221; style=&#8221;vc_box_border&#8221; onclick=&#8221;custom_link&#8221; css_animation=&#8221;bounceInDown&#8221; link=&#8221;https:\/\/arxiu-historic.uib.cat\/index.php\/arxiu-historic-de-la-reial-academia-de-medicina-de-les-illes-balears&#8221;]<\/div><\/div><\/div><div class=\"vc_column_inner td_uid_10_69f88ba9e3e94_rand  wpb_column vc_column_container tdc-inner-column td-pb-span3\">\n<style scoped>\n\n\/* custom css *\/\n.td_uid_10_69f88ba9e3e94_rand {\r\n                    vertical-align: baseline;\r\n                }\n<\/style><div class=\"vc_column-inner\"><div class=\"wpb_wrapper\">[vc_single_image image=&#8221;7078&#8243; img_size=&#8221;280&#215;200&#8243; alignment=&#8221;center&#8221; style=&#8221;vc_box_border&#8221; onclick=&#8221;custom_link&#8221; css_animation=&#8221;bounceInUp&#8221; link=&#8221;https:\/\/ramib.org\/oficial\/index.php\/2026\/01\/23\/programa-de-premios-convocados-para-el-curso-2026\/?lang=es&#8221;]<\/div><\/div><\/div><div class=\"vc_column_inner td_uid_11_69f88ba9e3f2e_rand  wpb_column vc_column_container tdc-inner-column td-pb-span3\">\n<style scoped>\n\n\/* custom css *\/\n.td_uid_11_69f88ba9e3f2e_rand {\r\n                    vertical-align: baseline;\r\n                }\n<\/style><div class=\"vc_column-inner\"><div class=\"wpb_wrapper\">[vc_single_image image=&#8221;7084&#8243; img_size=&#8221;280&#215;200&#8243; alignment=&#8221;center&#8221; style=&#8221;vc_box_border&#8221; onclick=&#8221;custom_link&#8221; css_animation=&#8221;bounceInRight&#8221; link=&#8221;https:\/\/ramib.org\/oficial\/index.php\/2026\/02\/01\/sesion-inaugural-del-curso-academico-2026\/?lang=es&#8221;]<\/div><\/div><\/div><\/div><div class=\"vc_row_inner td_uid_12_69f88ba9e3fdd_rand  vc_row vc_inner wpb_row td-pb-row\" >\n<style scoped>\n\n\/* custom css *\/\n.td_uid_12_69f88ba9e3fdd_rand {\r\n                    position: relative !important;\r\n                    top: 0;\r\n                    transform: none;\r\n                    -webkit-transform: none;\r\n                }\n<\/style><div class=\"vc_column_inner td_uid_13_69f88ba9e40bb_rand  wpb_column vc_column_container tdc-inner-column td-pb-span3\">\n<style scoped>\n\n\/* custom css *\/\n.td_uid_13_69f88ba9e40bb_rand {\r\n                    vertical-align: baseline;\r\n                }\n<\/style><div class=\"vc_column-inner\"><div class=\"wpb_wrapper\">[vc_single_image image=&#8221;4788&#8243; img_size=&#8221;214&#215;156&#8243; style=&#8221;vc_box_border&#8221; onclick=&#8221;custom_link&#8221; css_animation=&#8221;bounceIn&#8221; link=&#8221;https:\/\/ramib.org\/oficial\/index.php\/4879-2\/?lang=es&#8221;]<\/div><\/div><\/div><div class=\"vc_column_inner td_uid_14_69f88ba9e41dc_rand  wpb_column vc_column_container tdc-inner-column td-pb-span3\">\n<style scoped>\n\n\/* custom css *\/\n.td_uid_14_69f88ba9e41dc_rand {\r\n                    vertical-align: baseline;\r\n                }\n<\/style><div class=\"vc_column-inner\"><div class=\"wpb_wrapper\">[vc_single_image image=&#8221;781&#8243; img_size=&#8221;280X200&#8243; alignment=&#8221;center&#8221; onclick=&#8221;custom_link&#8221; img_link_target=&#8221;_blank&#8221; css_animation=&#8221;bounceInLeft&#8221; link=&#8221;http:\/\/medicinabalear.org\/&#8221;]<\/div><\/div><\/div><div class=\"vc_column_inner td_uid_15_69f88ba9e4277_rand  wpb_column vc_column_container tdc-inner-column td-pb-span3\">\n<style scoped>\n\n\/* custom css *\/\n.td_uid_15_69f88ba9e4277_rand {\r\n                    vertical-align: baseline;\r\n                }\n<\/style><div class=\"vc_column-inner\"><div class=\"wpb_wrapper\">[vc_single_image image=&#8221;5115&#8243; img_size=&#8221;244X127&#8243; onclick=&#8221;custom_link&#8221; css_animation=&#8221;slideInRight&#8221; link=&#8221;https:\/\/dptm.es\/&#8221;]<\/div><\/div><\/div><div class=\"vc_column_inner td_uid_16_69f88ba9e4300_rand  wpb_column vc_column_container tdc-inner-column td-pb-span3\">\n<style scoped>\n\n\/* custom css *\/\n.td_uid_16_69f88ba9e4300_rand {\r\n                    vertical-align: baseline;\r\n                }\n<\/style><div class=\"vc_column-inner\"><div class=\"wpb_wrapper\">[vc_single_image image=&#8221;7085&#8243; img_size=&#8221;214&#215;156&#8243; alignment=&#8221;center&#8221; style=&#8221;vc_box_border&#8221; onclick=&#8221;custom_link&#8221; css_animation=&#8221;fadeInDown&#8221; link=&#8221;https:\/\/ramib.org\/oficial\/index.php\/2026\/01\/23\/7006-2\/&#8221;]<\/div><\/div><\/div><\/div><\/div><\/div><\/div><\/div><div id=\"td_uid_15_69f88ba9e43bc\" class=\"tdc-row\"><div class=\"vc_row td_uid_17_69f88ba9e43bf_rand  wpb_row td-pb-row\" >\n<style scoped>\n\n\/* custom css *\/\n.td_uid_17_69f88ba9e43bf_rand {\r\n                    min-height: 0;\r\n                }\n<\/style><div class=\"vc_column td_uid_18_69f88ba9e4553_rand  wpb_column vc_column_container tdc-column td-pb-span12\">\n<style scoped>\n\n\/* custom css *\/\n.td_uid_18_69f88ba9e4553_rand {\r\n                    vertical-align: baseline;\r\n                }\n<\/style><div class=\"wpb_wrapper\">[vc_text_separator title=&#8221;PATROCINADORES Y COLABORADORES&#8221; i_icon_fontawesome=&#8221;fa fa-rss&#8221; color=&#8221;sandy_brown&#8221; style=&#8221;dotted&#8221; add_icon=&#8221;true&#8221;][vc_column_text]<\/p>\r\n<table class=\"table\">\r\n<tbody>\r\n<tr>\r\n<td style=\"text-align: center;\"><a href=\"https:\/\/www.caeb.es\/\" target=\"_blank\" rel=\"noopener noreferrer\"><img decoding=\"async\" class=\"\" src=\"https:\/\/ramib.org\/oficial\/wp-content\/uploads\/2022\/07\/CAEB.png\" alt=\"CAEB\" width=\"150\" \/><\/a><\/td>\r\n<td style=\"text-align: center;\"><a href=\"https:\/\/www.asisa.es\/ASISA-Salud\/Oficinas\/ResultadosBusquedaCentros.aspx?IdProvincia=7&amp;IdLocalidad=-1\" target=\"_blank\" rel=\"noopener noreferrer\"><img decoding=\"async\" src=\"https:\/\/ramib.org\/oficial\/wp-content\/uploads\/2019\/08\/asisa-p.jpg\" alt=\"\" \/><\/a><\/td>\r\n<td style=\"text-align: center;\"><a href=\"https:\/\/www.comib.com\/\" target=\"_blank\" rel=\"noopener noreferrer\"><img decoding=\"async\" class=\"\" src=\"https:\/\/ramib.org\/oficial\/wp-content\/uploads\/2019\/09\/col-metgesbalears.jpg\" width=\"173\" \/><\/a><\/td>\r\n<td><a href=\"#\" target=\"_blank\" rel=\"noopener noreferrer\"><img loading=\"lazy\" decoding=\"async\" class=\"aligncenter\" src=\"https:\/\/ramib.org\/oficial\/wp-content\/uploads\/2025\/12\/dr_cortes_p.jpg\" alt=\"Laboratori Dr. Cort\u00e9s\" width=\"200\" height=\"180\" \/><\/a><\/td>\r\n<td><a href=\"https:\/\/www.gruposerra.com\/\" target=\"_blank\" rel=\"noopener noreferrer\"><img decoding=\"async\" src=\"https:\/\/ramib.org\/oficial\/wp-content\/uploads\/2025\/12\/GrupSerra_p-1.jpg\" alt=\"Grup Serra\" \/><\/a><\/td>\r\n<\/tr>\r\n<tr>\r\n<td style=\"text-align: center;\"><a href=\"http:\/\/www.cofib.es\/ca\/\" target=\"_blank\" rel=\"noopener noreferrer\"><img decoding=\"async\" src=\"https:\/\/ramib.org\/oficial\/wp-content\/uploads\/2019\/09\/col-farmaceutics-p.jpg\" alt=\"Col\u00b7legi Oficial de Farmac\u00e8utics de les Illes Balears\" \/><\/a><\/td>\r\n<td><a href=\"http:\/\/www.infermeriabalear.com\/\" target=\"_blank\" rel=\"noopener noreferrer\"><br \/>\r\n<\/a><a href=\"http:\/\/www.infermeriabalear.com\/\" target=\"_blank\" rel=\"noopener noreferrer\"><img loading=\"lazy\" decoding=\"async\" class=\"alignnone\" src=\"https:\/\/ramib.org\/oficial\/wp-content\/uploads\/2023\/01\/COIBA-23.jpg\" alt=\"Col\u00b7legi Oficial d'Infermeria de les Illes Balears\" width=\"238\" height=\"177\" \/><\/a><\/td>\r\n<td><a href=\"https:\/\/www.ademaescuelauniversitaria.com\/\" target=\"_blank\" rel=\"noopener noreferrer\"><img decoding=\"async\" src=\"https:\/\/ramib.org\/oficial\/wp-content\/uploads\/2022\/01\/adema-escuela-ramib21.jpg\" alt=\"ADEMA Escuela Universitaria\" \/><\/a><\/td>\r\n<td style=\"text-align: center;\"><a href=\"https:\/\/www.comib.com\/formacion\/patronat\/\" target=\"_blank\" rel=\"noopener noreferrer\"><img loading=\"lazy\" decoding=\"async\" class=\"alignnone\" src=\"https:\/\/ramib.org\/oficial\/wp-content\/uploads\/2025\/12\/patronat-cientific-p.jpg\" alt=\"Fundaci\u00f3 Patronat Cient\u00edfic\" width=\"250\" height=\"130\" \/><\/a><\/td>\r\n<td><a href=\"https:\/\/www.quironsalud.es\/palmaplanas\" target=\"_blank\" rel=\"noopener noreferrer\"><img loading=\"lazy\" decoding=\"async\" src=\"https:\/\/ramib.org\/oficial\/wp-content\/uploads\/2025\/12\/quironsalud_p.png\" alt=\"Quiron Salut Palmaplanas\" width=\"250\" height=\"110\" \/><\/a><\/td>\r\n<\/tr>\r\n<tr>\r\n<td><a href=\"https:\/\/www.caib.es\/webgoib\/w\/conselleria-salut\" target=\"_blank\" rel=\"noopener noreferrer\"><img loading=\"lazy\" decoding=\"async\" class=\"\" src=\"https:\/\/ramib.org\/oficial\/wp-content\/uploads\/2025\/12\/conselleria_salut_p-1.jpg\" alt=\"Conselleria de Salut\" width=\"250\" height=\"100\" \/><\/a><\/td>\r\n<td><a href=\"https:\/\/procarehealth.com\/\" target=\"_blank\" rel=\"noopener noreferrer\"><img loading=\"lazy\" decoding=\"async\" class=\"\" src=\"https:\/\/ramib.org\/oficial\/wp-content\/uploads\/2025\/12\/procare_p-2.jpg\" alt=\"Procare Health\" width=\"250\" height=\"117\" \/><\/a><\/td>\r\n<td><a href=\"https:\/\/www.caib.es\/webgoib\/w\/vicepresidencia-segona-i-conselleria-presidencia-coordinacio-accio-govern-i-cooperacio-local\" target=\"_blank\" rel=\"noopener noreferrer\"><img decoding=\"async\" class=\"\" src=\"https:\/\/ramib.org\/oficial\/wp-content\/uploads\/2025\/12\/VSC_PRE_COO_ACC_GOV_p.jpg\" alt=\"Vicepresid\u00e8ncia Segona i Conselleria de Presid\u00e8ncia\" width=\"250\" height=\"\" \/><\/a><\/td>\r\n<td><a href=\"https:\/\/www.clinicarotger.com\/\" target=\"_blank\" rel=\"noopener noreferrer\"><img loading=\"lazy\" decoding=\"async\" class=\"aligncenter\" src=\"https:\/\/ramib.org\/oficial\/wp-content\/uploads\/2025\/12\/clinica-rotger-logo-top.png\" alt=\"Cl\u00ednica Rotger\" width=\"250\" height=\"120\" \/><\/a><\/td>\r\n<td><\/td>\r\n<\/tr>\r\n<\/tbody>\r\n<\/table>\r\n<p>[\/vc_column_text]<\/div><\/div><\/div><\/div><div id=\"td_uid_17_69f88ba9e45f9\" class=\"tdc-row\"><div class=\"vc_row td_uid_19_69f88ba9e45fc_rand  wpb_row td-pb-row\" >\n<style scoped>\n\n\/* custom css *\/\n.td_uid_19_69f88ba9e45fc_rand {\r\n                    min-height: 0;\r\n                }\n<\/style><div class=\"vc_column td_uid_20_69f88ba9e46dd_rand  wpb_column vc_column_container tdc-column td-pb-span12\">\n<style scoped>\n\n\/* custom css *\/\n.td_uid_20_69f88ba9e46dd_rand {\r\n                    vertical-align: baseline;\r\n                }\n<\/style><div class=\"wpb_wrapper\"><\/div><\/div><\/div><\/div>\r\n","protected":false},"excerpt":{"rendered":"RAMIB - abril 29, 2026 S\u00edndrome de Ehlers-Danlos: Revisi\u00f3 cl\u00ednica i gen\u00e8tica 14\/04\/2026: Sine Dolore se vive mejor [vc_text_separator title=\"DESTACAMOS\" i_icon_fontawesome=\"fa fa-heartbeat\" color=\"sandy_brown\" style=\"dotted\" add_icon=\"true\"] [vc_single_image image=\"5817\" img_size=\"280x258\" style=\"vc_box_border\" onclick=\"custom_link\" [...]","protected":false},"author":1,"featured_media":0,"parent":0,"menu_order":0,"comment_status":"closed","ping_status":"closed","template":"","meta":{"_monsterinsights_skip_tracking":false,"_monsterinsights_sitenote_active":false,"_monsterinsights_sitenote_note":"","_monsterinsights_sitenote_category":0,"footnotes":""},"_links":{"self":[{"href":"https:\/\/ramib.org\/oficial\/index.php\/wp-json\/wp\/v2\/pages\/1039"}],"collection":[{"href":"https:\/\/ramib.org\/oficial\/index.php\/wp-json\/wp\/v2\/pages"}],"about":[{"href":"https:\/\/ramib.org\/oficial\/index.php\/wp-json\/wp\/v2\/types\/page"}],"author":[{"embeddable":true,"href":"https:\/\/ramib.org\/oficial\/index.php\/wp-json\/wp\/v2\/users\/1"}],"replies":[{"embeddable":true,"href":"https:\/\/ramib.org\/oficial\/index.php\/wp-json\/wp\/v2\/comments?post=1039"}],"version-history":[{"count":68,"href":"https:\/\/ramib.org\/oficial\/index.php\/wp-json\/wp\/v2\/pages\/1039\/revisions"}],"predecessor-version":[{"id":7101,"href":"https:\/\/ramib.org\/oficial\/index.php\/wp-json\/wp\/v2\/pages\/1039\/revisions\/7101"}],"wp:attachment":[{"href":"https:\/\/ramib.org\/oficial\/index.php\/wp-json\/wp\/v2\/media?parent=1039"}],"curies":[{"name":"wp","href":"https:\/\/api.w.org\/{rel}","templated":true}]}}