{"id":1031,"date":"2019-09-03T10:32:02","date_gmt":"2019-09-03T10:32:02","guid":{"rendered":"https:\/\/ramib.org\/oficial\/index.php\/la-reial-academia\/"},"modified":"2026-03-04T16:13:45","modified_gmt":"2026-03-04T16:13:45","slug":"la-reial-academia","status":"publish","type":"page","link":"https:\/\/ramib.org\/oficial\/index.php\/la-reial-academia\/?lang=es","title":{"rendered":"La Real Academia"},"content":{"rendered":"<div id=\"td_uid_1_69de6949130bd\" class=\"tdc-row\"><div class=\"vc_row td_uid_1_69de6949130c3_rand  wpb_row td-pb-row\" >\n<style scoped>\n\n\/* custom css *\/\n.td_uid_1_69de6949130c3_rand {\r\n                    min-height: 0;\r\n                }\n<\/style><div class=\"vc_column td_uid_2_69de69491340f_rand  wpb_column vc_column_container tdc-column td-pb-span8\">\n<style scoped>\n\n\/* custom css *\/\n.td_uid_2_69de69491340f_rand {\r\n                    vertical-align: baseline;\r\n                }\n<\/style><div class=\"wpb_wrapper\">[vc_text_separator title=&#8221;Presentaci\u00f3n&#8221; color=&#8221;sandy_brown&#8221; style=&#8221;dotted&#8221;][vc_column_text]Saludo del presidente:\r\n\r\nDesde las elecciones acad\u00e9micas de marzo de 2026 tengo el honor, el compromiso y la responsabilidad de presidir la instituci\u00f3n.\r\n\r\n<img loading=\"lazy\" decoding=\"async\" class=\"aligncenter\" src=\"https:\/\/ramib.org\/oficial\/wp-content\/uploads\/2020\/10\/Dr.-Juan-Benejam.jpg\" width=\"535\" height=\"808\" \/>\r\n\r\nLa Real Academia de Medicina de las Islas Baleares es una instituci\u00f3n cient\u00edfica de derecho p\u00fablico, continuadora de las sucesivas Academia M\u00e9dico Pr\u00e1ctica de Mallorca, creada en 1788, y de la Real Academia de Medicina y Cirug\u00eda de Palma de Mallorca, fundada en 1831 bajo los auspicios del rey Fernando VII. Es la corporaci\u00f3n cient\u00edfica m\u00e1s antigua de las Islas Baleares.\r\n\r\nComo instituci\u00f3n cient\u00edfica m\u00e9dica ha tenido operatividad cient\u00edfica ininterrumpida desde su fundaci\u00f3n hasta nuestros d\u00edas. En 1999 pas\u00f3 a ser denominada, seg\u00fan acuerdo tomado en sesi\u00f3n de gobierno, Real Academia de Medicina de las Islas Baleares, y el \u00e1mbito de su competencia comprende todo el territorio de las Islas Baleares. Tiene los siguientes objetivos: 1) Potenciar el conocimiento de las ciencias de la salud entre los facultativos profesionales de la salud en especial y la ciudadan\u00eda en general; 2) Trasladar a la sociedad los avances biom\u00e9dicos; 3) Asesorar a las administraciones p\u00fablicas de las Islas Baleares sobre la prevenci\u00f3n, mantenimiento y mejora de la salud de la ciudadan\u00eda.\r\n\r\nLas razones que justificaron la creaci\u00f3n de la Academia M\u00e9dico Pr\u00e1ctica de Mallorca fueron, en primer lugar, las mismas que explican la fundaci\u00f3n de las academias cient\u00edficas en toda Europa a partir del siglo XVII, cuando el declive de las universidades convirti\u00f3 las academias en el foro id\u00f3neo para presentar las nuevas hip\u00f3tesis, para discutirlas p\u00fablicamente y para aprobarlas seg\u00fan los modernos criterios cient\u00edficos. La segunda raz\u00f3n fue el creciente prestigio de los cirujanos, que hab\u00edan sabido renovar sus conocimientos y sus instituciones docentes: los m\u00e9dicos vieron en las academias la ocasi\u00f3n de llevar a cabo un trabajo de renovaci\u00f3n intelectual. El tercer factor, acaso el m\u00e1s importante, fue el af\u00e1n y constancia\u00a0que la Real Sociedad de Amigos del Pa\u00eds del Reino de Mallorca aplic\u00f3 en\u00a0crear una instituci\u00f3n que sirviera a los m\u00e9dicos para contrastar sus conocimientos, para dar a conocer los principales problemas sanitarios y para proponer a los poderes p\u00fablicos las soluciones m\u00e1s adecuadas.\r\n\r\nAs\u00ed, el rector de la Universidad, a instancias de la Real Sociedad Econ\u00f3mica de Amigos del Pa\u00eds del Reino de Mallorca, dirigi\u00f3 en 1786 a todos los m\u00e9dicos de Palma una convocatoria para fundar una academia m\u00e9dica. La propuesta consigui\u00f3 una r\u00e1pida y masiva adhesi\u00f3n. Dos a\u00f1os despu\u00e9s, el 11 de diciembre de 1788, el rey Carlos III firmaba la Real C\u00e9dula fundacional de la Academia.\r\n\r\nPor su parte, los or\u00edgenes de la Real Academia de Medicina y Cirug\u00eda de Palma de Mallorca, sucesora de la Academia M\u00e9dico-Pr\u00e1ctica de Mallorca, coinciden con la reorganizaci\u00f3n m\u00e9dica que intent\u00f3 el m\u00e9dico liberal Pedro Castell\u00f3 cuando Francisco Tadeo Calomarde ocupaba el Ministerio de gracia y justicia. En 1827 se hab\u00eda creado la Real Junta Superior Gubernativa de Medicina y Cirug\u00eda del Reino y el 28 de agosto de 1830 se dividi\u00f3 el Reino en varios distritos. En cada uno de ellos se estableci\u00f3 una academia de medicina y cirug\u00eda, bajo la dependencia de la Junta superior ya mencionada. Surgieron as\u00ed las academias de medicina y cirug\u00eda de Madrid, Valladolid, La Coru\u00f1a, Sevilla, C\u00e1diz, Granada, Valencia, Barcelona, \u200b\u200bZaragoza y Palma de Mallorca.\r\n\r\nA lo largo de los a\u00f1os la Real Academia se ha mantenido en contacto con la realidad cient\u00edfica de la sociedad isle\u00f1a, acogiendo debates cient\u00edficos y dando a conocer los sucesivos progresos y novedades m\u00e9dicos y quir\u00fargicos. Su acci\u00f3n fue fundamental para la formaci\u00f3n, en 1882, del Colegio M\u00e9dico Farmac\u00e9utico. Esta corporaci\u00f3n cient\u00edfica, con la participaci\u00f3n activa de los acad\u00e9micos de la Real Academia, cre\u00f3 la Revista Balear de Medicina, Farmacia y Veterinaria (1885-1912), sin duda la publicaci\u00f3n cient\u00edfica de m\u00e1s nivel de las editadas en Baleares y una de las mejores de la Espa\u00f1a de su tiempo.\r\n\r\nMuchos de los profesionales de m\u00e1s prestigio de la sanidad balear de los \u00faltimos 180 a\u00f1os han ocupado plaza como acad\u00e9micos. Es el caso de Mateo J.B. Orfila, Fernando Weyler Lavi\u00f1a, Bernat Riera Alemany o Emili Darder C\u00e1naves.\r\n\r\nLa corporaci\u00f3n es academia asociada al Instituto de Espa\u00f1a,\u00a0consideraci\u00f3n reservada a &#8220;las de mayor antig\u00fcedad y\u00a0mayor prestigio&#8221;.\r\n\r\nEn 1994 fue transferida del Ministerio de Educaci\u00f3n y Ciencia a la Conselleria de Cultura, Educaci\u00f3n y Deportes del Gobierno Balear, aunque los sucesivos titulares de la Consejer\u00eda de Salud y Consumo han jugado un papel decisivo en el sostenimiento de la instituci\u00f3n. El a\u00f1o 2013 fue asignada a la Consejer\u00eda de Presidencia del Govern de las Illes Balears con el prop\u00f3sito de asegurar el apoyo institucional necesario para favorecer la estabilidad, la independencia y la proyecci\u00f3n social de la Academia.\r\n\r\n<img decoding=\"async\" class=\"aligncenter\" src=\"https:\/\/ramib.org\/oficial\/wp-content\/uploads\/2019\/09\/presentacio-2.jpg\" alt=\"\" \/>\r\n\r\nLa Real Academia custodia un notable archivo hist\u00f3rico, que ampl\u00eda con regularidad con adquisiciones documentales de inter\u00e9s m\u00e9dico, convoca anualmente varios premios de investigaci\u00f3n en ciencias de la salud y, desde 1986, edita la revista cient\u00edfica Medicina Balear, con periodicidad cuatrimestral.\r\n\r\nLos vigentes Estatutos, aprobados en sesi\u00f3n extraordinaria de 19 de junio de 2001, fueron publicados en el BOIB n\u00ba125 de 18 de octubre de 2001.\r\n\r\nAnualmente la secretar\u00eda general elabora la memoria del curso acad\u00e9mico.\u00a0La Real Academia tiene en vigor varios convenios suscritos con la Universidad de las Islas Baleares (UIB), con el Institut d&#8217;Estudis Catalans (IEC) y con la Sociedad Balear de Medicina Intensiva y Unidades Coronarias.\r\n\r\nEn 2013 la revista cient\u00edfica acad\u00e9mica Medicina Balear\u00a0fue incorporada en la plataforma de la Biblioteca Digital de las Islas Baleares de la UIB. En pocos meses pas\u00f3\u00a0a ser la publicaci\u00f3n cient\u00edfica balear l\u00edder en descargas. Igualmente, la Real Academia acord\u00f3 con la Universidad de las Islas Baleares la impartici\u00f3n de actividades formativas de los programas de doctorado en medicina, que han comenzado el curso acad\u00e9mico 2015.\r\n\r\nA lo largo del a\u00f1o acad\u00e9mico la corporaci\u00f3n, consciente de su papel como entidad generadora de conocimiento, celebra sesiones cient\u00edficas, organiza cursos y mesas redondas, lleva a cabo presentaciones de libros y gestiona diversas actividades docentes, con el objetivo de contribuir a la transferencia del conocimiento cient\u00edfico a la sociedad.\r\n\r\nEntre los prop\u00f3sitos actuales de la instituci\u00f3n acad\u00e9mica destacan la voluntad de profundizar en la colaboraci\u00f3n con la Universidad y con otras instituciones representativas, el deseo de promover un programa de actividades cient\u00edficas coherente y abierto a las colaboraciones externas y aumentar el nivel e impacto de la revista cient\u00edfica Medicina Balear, as\u00ed como avanzar en la catalogaci\u00f3n del fondo archiv\u00edstico de la Real Academia y mejorar los canales\u00a0de comunicaci\u00f3n social.[\/vc_column_text]<\/div><\/div><div class=\"vc_column td_uid_3_69de6949134ac_rand  wpb_column vc_column_container tdc-column td-pb-span4\">\n<style scoped>\n\n\/* custom css *\/\n.td_uid_3_69de6949134ac_rand {\r\n                    vertical-align: baseline;\r\n                }\n<\/style><div class=\"wpb_wrapper\">[vc_text_separator title=&#8221;Men\u00fa Real Academia&#8221; color=&#8221;sandy_brown&#8221; style=&#8221;dotted&#8221;]<div class=\"td_block_wrap td_block_list_menu td_uid_4_69de694913627_rand td-pb-border-top td_block_template_1 widget\"  data-td-block-uid=\"td_uid_4_69de694913627\" ><div class=\"td-block-title-wrap\"><\/div><div id=td_uid_4_69de694913627 class=\"td_block_inner td-fix-index\"><div class=\"menu-sub_reial_academia-container\"><ul id=\"menu-sub_reial_academia\" class=\"menu\"><li id=\"menu-item-1293\" class=\"menu-item menu-item-type-post_type menu-item-object-page menu-item-1293\"><a href=\"https:\/\/ramib.org\/oficial\/index.php\/la-reial-academia-2\/\">Presentaci\u00f3<\/a><\/li>\n<li id=\"menu-item-1285\" class=\"menu-item menu-item-type-post_type menu-item-object-page menu-item-1285\"><a href=\"https:\/\/ramib.org\/oficial\/index.php\/historiaes\/\">Hist\u00f2ria<\/a><\/li>\n<li id=\"menu-item-2742\" class=\"menu-item menu-item-type-post_type menu-item-object-page menu-item-2742\"><a href=\"https:\/\/ramib.org\/oficial\/index.php\/juntdirectiv\/\">Els Acad\u00e8mics<\/a><\/li>\n<li id=\"menu-item-740\" class=\"menu-item menu-item-type-post_type menu-item-object-page menu-item-740\"><a href=\"https:\/\/ramib.org\/oficial\/index.php\/estatuts-i-reglaments\/\">Estatuts i reglaments<\/a><\/li>\n<li id=\"menu-item-741\" class=\"menu-item menu-item-type-post_type menu-item-object-page menu-item-741\"><a href=\"https:\/\/ramib.org\/oficial\/index.php\/protectors-benefactors-i-patrocinadors\/\">Protectors, benefactors i patrocinadors<\/a><\/li>\n<li id=\"menu-item-742\" class=\"menu-item menu-item-type-post_type menu-item-object-page menu-item-742\"><a href=\"https:\/\/ramib.org\/oficial\/index.php\/localitzacio-i-contacte\/\">Localitzaci\u00f3 i contacte<\/a><\/li>\n<\/ul><\/div><\/div><\/div> <!-- .\/block --><\/div><\/div><\/div><\/div>","protected":false},"excerpt":{"rendered":"[vc_text_separator title=\"Presentaci\u00f3n\" color=\"sandy_brown\" style=\"dotted\"][vc_column_text]Saludo del presidente: Desde las elecciones acad\u00e9micas de marzo de 2026 tengo el honor, el compromiso y la responsabilidad de presidir la instituci\u00f3n. La Real Academia de [...]","protected":false},"author":1,"featured_media":0,"parent":0,"menu_order":0,"comment_status":"closed","ping_status":"closed","template":"","meta":{"_monsterinsights_skip_tracking":false,"_monsterinsights_sitenote_active":false,"_monsterinsights_sitenote_note":"","_monsterinsights_sitenote_category":0,"footnotes":""},"_links":{"self":[{"href":"https:\/\/ramib.org\/oficial\/index.php\/wp-json\/wp\/v2\/pages\/1031"}],"collection":[{"href":"https:\/\/ramib.org\/oficial\/index.php\/wp-json\/wp\/v2\/pages"}],"about":[{"href":"https:\/\/ramib.org\/oficial\/index.php\/wp-json\/wp\/v2\/types\/page"}],"author":[{"embeddable":true,"href":"https:\/\/ramib.org\/oficial\/index.php\/wp-json\/wp\/v2\/users\/1"}],"replies":[{"embeddable":true,"href":"https:\/\/ramib.org\/oficial\/index.php\/wp-json\/wp\/v2\/comments?post=1031"}],"version-history":[{"count":12,"href":"https:\/\/ramib.org\/oficial\/index.php\/wp-json\/wp\/v2\/pages\/1031\/revisions"}],"predecessor-version":[{"id":7141,"href":"https:\/\/ramib.org\/oficial\/index.php\/wp-json\/wp\/v2\/pages\/1031\/revisions\/7141"}],"wp:attachment":[{"href":"https:\/\/ramib.org\/oficial\/index.php\/wp-json\/wp\/v2\/media?parent=1031"}],"curies":[{"name":"wp","href":"https:\/\/api.w.org\/{rel}","templated":true}]}}